{"id":1844,"date":"2020-01-19T15:57:11","date_gmt":"2020-01-19T12:57:11","guid":{"rendered":"http:\/\/zettdekor.com\/urun\/forte-yatak-odasi-takimi\/"},"modified":"2021-06-01T10:41:19","modified_gmt":"2021-06-01T07:41:19","slug":"woody-yatak-odasi-takimi","status":"publish","type":"product","link":"https:\/\/www.zettdekor.com\/uz\/product\/woody-yatak-odasi-takimi\/","title":{"rendered":"Woody"},"content":{"rendered":"<p>[vc_row][vc_column][vc_column_text el_class=&#8221;urun_modul_baslik&#8221;]<\/p>\n<h2 class=\"modul_baslik\" style=\"text-align: center;\">Mahsulot modullari<\/h2>\n<p>[\/vc_column_text][vc_raw_html]JTNDZGl2JTIwY2xhc3MlM0QlMjJjdXN0b21fd29vc2IlMjIlM0UlM0MlMkZkaXYlM0U=[\/vc_raw_html][\/vc_column][\/vc_row][vc_row][vc_column]\t\t\t<div id=\"gallery_310\" class=\"basel-images-gallery product_gallery spacing-0 columns-3 view-carousel photoswipe-images\" data-owl-carousel data-wrap=\"yes\" data-autoplay=\"\" data-hide_pagination_control=\"yes\" data-desktop=\"1\" data-desktop_small=\"1\" data-tablet=\"1\" data-mobile=\"1\">\r\n\t\t\t\t<div class=\"gallery-images owl-carousel\">\r\n\t\t\t\t\t\t\t\t\t\t\t\t\t\t\t\t\t\t<div class=\"basel-gallery-item\">\r\n\t\t\t\t\t\t\t\t\t\t\t\t\t\t\t\t\t<a href=\"https:\/\/www.zettdekor.com\/wp-content\/uploads\/2020\/01\/urun-woody-yatak-odasi-takimi-7-1.jpg\" data-index=\"1\" data-width=\"1600\" data-height=\"1200\"  >\r\n\t\t\t\t\t\t\t\t\t\t\t\t\t\t\t\r\n\t\t\t\t\t\t\t\t\t\t\t\t\t\t\t\t\t<img width=\"1600\" height=\"1200\" src=\"https:\/\/www.zettdekor.com\/wp-content\/uploads\/2020\/01\/urun-woody-yatak-odasi-takimi-7-1.jpg\" class=\"basel-gallery-image image-1 attachment-full\" alt=\"\" loading=\"lazy\" srcset=\"https:\/\/www.zettdekor.com\/wp-content\/uploads\/2020\/01\/urun-woody-yatak-odasi-takimi-7-1.jpg 1600w, https:\/\/www.zettdekor.com\/wp-content\/uploads\/2020\/01\/urun-woody-yatak-odasi-takimi-7-1-800x600.jpg 800w, https:\/\/www.zettdekor.com\/wp-content\/uploads\/2020\/01\/urun-woody-yatak-odasi-takimi-7-1-300x225.jpg 300w, https:\/\/www.zettdekor.com\/wp-content\/uploads\/2020\/01\/urun-woody-yatak-odasi-takimi-7-1-768x576.jpg 768w, https:\/\/www.zettdekor.com\/wp-content\/uploads\/2020\/01\/urun-woody-yatak-odasi-takimi-7-1-1024x768.jpg 1024w, https:\/\/www.zettdekor.com\/wp-content\/uploads\/2020\/01\/urun-woody-yatak-odasi-takimi-7-1-1200x900.jpg 1200w\" sizes=\"(max-width: 1600px) 100vw, 1600px\" \/>\t\t\t\t\t\t\t\t\r\n\t\t\t\t\t\t\t\t\t\t\t\t\t\t\t\t\t<\/a>\r\n\t\t\t\t\t\t\t\t\t\t\t\t\t\t\t<\/div>\r\n\t\t\t\t\t\t\t\t\t\t\t\t\t<div class=\"basel-gallery-item\">\r\n\t\t\t\t\t\t\t\t\t\t\t\t\t\t\t\t\t<a href=\"https:\/\/www.zettdekor.com\/wp-content\/uploads\/2020\/01\/urun-woody-yatak-odasi-takimi-2-4.jpg\" data-index=\"2\" data-width=\"1801\" data-height=\"1200\"  >\r\n\t\t\t\t\t\t\t\t\t\t\t\t\t\t\t\r\n\t\t\t\t\t\t\t\t\t\t\t\t\t\t\t\t\t<img width=\"1801\" height=\"1200\" src=\"https:\/\/www.zettdekor.com\/wp-content\/uploads\/2020\/01\/urun-woody-yatak-odasi-takimi-2-4.jpg\" class=\"basel-gallery-image image-2 attachment-full\" alt=\"\" loading=\"lazy\" srcset=\"https:\/\/www.zettdekor.com\/wp-content\/uploads\/2020\/01\/urun-woody-yatak-odasi-takimi-2-4.jpg 1801w, https:\/\/www.zettdekor.com\/wp-content\/uploads\/2020\/01\/urun-woody-yatak-odasi-takimi-2-4-300x200.jpg 300w, https:\/\/www.zettdekor.com\/wp-content\/uploads\/2020\/01\/urun-woody-yatak-odasi-takimi-2-4-768x512.jpg 768w, https:\/\/www.zettdekor.com\/wp-content\/uploads\/2020\/01\/urun-woody-yatak-odasi-takimi-2-4-1024x682.jpg 1024w, https:\/\/www.zettdekor.com\/wp-content\/uploads\/2020\/01\/urun-woody-yatak-odasi-takimi-2-4-1200x800.jpg 1200w\" sizes=\"(max-width: 1801px) 100vw, 1801px\" \/>\t\t\t\t\t\t\t\t\r\n\t\t\t\t\t\t\t\t\t\t\t\t\t\t\t\t\t<\/a>\r\n\t\t\t\t\t\t\t\t\t\t\t\t\t\t\t<\/div>\r\n\t\t\t\t\t\t\t\t\t\t\t\t\t<div class=\"basel-gallery-item\">\r\n\t\t\t\t\t\t\t\t\t\t\t\t\t\t\t\t\t<a href=\"https:\/\/www.zettdekor.com\/wp-content\/uploads\/2020\/01\/urun-woody-yatak-odasi-takimi-4-3.jpg\" data-index=\"3\" data-width=\"1801\" data-height=\"1200\"  >\r\n\t\t\t\t\t\t\t\t\t\t\t\t\t\t\t\r\n\t\t\t\t\t\t\t\t\t\t\t\t\t\t\t\t\t<img width=\"1801\" height=\"1200\" src=\"https:\/\/www.zettdekor.com\/wp-content\/uploads\/2020\/01\/urun-woody-yatak-odasi-takimi-4-3.jpg\" class=\"basel-gallery-image image-3 attachment-full\" alt=\"\" loading=\"lazy\" srcset=\"https:\/\/www.zettdekor.com\/wp-content\/uploads\/2020\/01\/urun-woody-yatak-odasi-takimi-4-3.jpg 1801w, https:\/\/www.zettdekor.com\/wp-content\/uploads\/2020\/01\/urun-woody-yatak-odasi-takimi-4-3-300x200.jpg 300w, https:\/\/www.zettdekor.com\/wp-content\/uploads\/2020\/01\/urun-woody-yatak-odasi-takimi-4-3-768x512.jpg 768w, https:\/\/www.zettdekor.com\/wp-content\/uploads\/2020\/01\/urun-woody-yatak-odasi-takimi-4-3-1024x682.jpg 1024w, https:\/\/www.zettdekor.com\/wp-content\/uploads\/2020\/01\/urun-woody-yatak-odasi-takimi-4-3-1200x800.jpg 1200w\" sizes=\"(max-width: 1801px) 100vw, 1801px\" \/>\t\t\t\t\t\t\t\t\r\n\t\t\t\t\t\t\t\t\t\t\t\t\t\t\t\t\t<\/a>\r\n\t\t\t\t\t\t\t\t\t\t\t\t\t\t\t<\/div>\r\n\t\t\t\t\t\t\t\t\t\t\t\t\t<div class=\"basel-gallery-item\">\r\n\t\t\t\t\t\t\t\t\t\t\t\t\t\t\t\t\t<a href=\"https:\/\/www.zettdekor.com\/wp-content\/uploads\/2020\/01\/urun-woody-yatak-odasi-takimi-5-4.jpg\" data-index=\"4\" data-width=\"1801\" data-height=\"1200\"  >\r\n\t\t\t\t\t\t\t\t\t\t\t\t\t\t\t\r\n\t\t\t\t\t\t\t\t\t\t\t\t\t\t\t\t\t<img width=\"1801\" height=\"1200\" src=\"https:\/\/www.zettdekor.com\/wp-content\/uploads\/2020\/01\/urun-woody-yatak-odasi-takimi-5-4.jpg\" class=\"basel-gallery-image image-4 attachment-full\" alt=\"\" loading=\"lazy\" srcset=\"https:\/\/www.zettdekor.com\/wp-content\/uploads\/2020\/01\/urun-woody-yatak-odasi-takimi-5-4.jpg 1801w, https:\/\/www.zettdekor.com\/wp-content\/uploads\/2020\/01\/urun-woody-yatak-odasi-takimi-5-4-300x200.jpg 300w, https:\/\/www.zettdekor.com\/wp-content\/uploads\/2020\/01\/urun-woody-yatak-odasi-takimi-5-4-768x512.jpg 768w, https:\/\/www.zettdekor.com\/wp-content\/uploads\/2020\/01\/urun-woody-yatak-odasi-takimi-5-4-1024x682.jpg 1024w, https:\/\/www.zettdekor.com\/wp-content\/uploads\/2020\/01\/urun-woody-yatak-odasi-takimi-5-4-1200x800.jpg 1200w\" sizes=\"(max-width: 1801px) 100vw, 1801px\" \/>\t\t\t\t\t\t\t\t\r\n\t\t\t\t\t\t\t\t\t\t\t\t\t\t\t\t\t<\/a>\r\n\t\t\t\t\t\t\t\t\t\t\t\t\t\t\t<\/div>\r\n\t\t\t\t\t\t\t\t\t\t\t\t\t<div class=\"basel-gallery-item\">\r\n\t\t\t\t\t\t\t\t\t\t\t\t\t\t\t\t\t<a href=\"https:\/\/www.zettdekor.com\/uz\/wp-content\/uploads\/2020\/01\/urun-woody-yatak-odasi-takimi-1-4.jpg\/\" data-index=\"5\" data-width=\"\" data-height=\"\"  >\r\n\t\t\t\t\t\t\t\t\t\t\t\t\t\t\t\r\n\t\t\t\t\t\t\t\t\t\t\t\t\t\t\t\t\t<img width=\"1801\" height=\"1200\" src=\"https:\/\/www.zettdekor.com\/wp-content\/uploads\/2020\/01\/urun-woody-yatak-odasi-takimi-1-4.jpg\" class=\"basel-gallery-image image-5 attachment-full\" alt=\"\" loading=\"lazy\" srcset=\"https:\/\/www.zettdekor.com\/wp-content\/uploads\/2020\/01\/urun-woody-yatak-odasi-takimi-1-4.jpg 1801w, https:\/\/www.zettdekor.com\/wp-content\/uploads\/2020\/01\/urun-woody-yatak-odasi-takimi-1-4-300x200.jpg 300w, https:\/\/www.zettdekor.com\/wp-content\/uploads\/2020\/01\/urun-woody-yatak-odasi-takimi-1-4-768x512.jpg 768w, https:\/\/www.zettdekor.com\/wp-content\/uploads\/2020\/01\/urun-woody-yatak-odasi-takimi-1-4-1024x682.jpg 1024w, https:\/\/www.zettdekor.com\/wp-content\/uploads\/2020\/01\/urun-woody-yatak-odasi-takimi-1-4-1200x800.jpg 1200w\" sizes=\"(max-width: 1801px) 100vw, 1801px\" \/>\t\t\t\t\t\t\t\t\r\n\t\t\t\t\t\t\t\t\t\t\t\t\t\t\t\t\t<\/a>\r\n\t\t\t\t\t\t\t\t\t\t\t\t\t\t\t<\/div>\r\n\t\t\t\t\t\t\t\t\t\t\t\t\t<div class=\"basel-gallery-item\">\r\n\t\t\t\t\t\t\t\t\t\t\t\t\t\t\t\t\t<a href=\"https:\/\/www.zettdekor.com\/wp-content\/uploads\/2020\/01\/urun-woody-yatak-odasi-takimi-8-1.jpg\" data-index=\"6\" data-width=\"1572\" data-height=\"1200\"  >\r\n\t\t\t\t\t\t\t\t\t\t\t\t\t\t\t\r\n\t\t\t\t\t\t\t\t\t\t\t\t\t\t\t\t\t<img width=\"1572\" height=\"1200\" src=\"https:\/\/www.zettdekor.com\/wp-content\/uploads\/2020\/01\/urun-woody-yatak-odasi-takimi-8-1.jpg\" class=\"basel-gallery-image image-6 attachment-full\" alt=\"\" loading=\"lazy\" srcset=\"https:\/\/www.zettdekor.com\/wp-content\/uploads\/2020\/01\/urun-woody-yatak-odasi-takimi-8-1.jpg 1572w, https:\/\/www.zettdekor.com\/wp-content\/uploads\/2020\/01\/urun-woody-yatak-odasi-takimi-8-1-300x229.jpg 300w, https:\/\/www.zettdekor.com\/wp-content\/uploads\/2020\/01\/urun-woody-yatak-odasi-takimi-8-1-768x586.jpg 768w, https:\/\/www.zettdekor.com\/wp-content\/uploads\/2020\/01\/urun-woody-yatak-odasi-takimi-8-1-1024x782.jpg 1024w, https:\/\/www.zettdekor.com\/wp-content\/uploads\/2020\/01\/urun-woody-yatak-odasi-takimi-8-1-1200x916.jpg 1200w\" sizes=\"(max-width: 1572px) 100vw, 1572px\" \/>\t\t\t\t\t\t\t\t\r\n\t\t\t\t\t\t\t\t\t\t\t\t\t\t\t\t\t<\/a>\r\n\t\t\t\t\t\t\t\t\t\t\t\t\t\t\t<\/div>\r\n\t\t\t\t\t\t\t\t\t\t\t\t\t<div class=\"basel-gallery-item\">\r\n\t\t\t\t\t\t\t\t\t\t\t\t\t\t\t\t\t<a href=\"https:\/\/www.zettdekor.com\/wp-content\/uploads\/2020\/01\/urun-woody-yatak-odasi-takimi-10-1.jpg\" data-index=\"7\" data-width=\"1600\" data-height=\"1200\"  >\r\n\t\t\t\t\t\t\t\t\t\t\t\t\t\t\t\r\n\t\t\t\t\t\t\t\t\t\t\t\t\t\t\t\t\t<img width=\"1600\" height=\"1200\" src=\"https:\/\/www.zettdekor.com\/wp-content\/uploads\/2020\/01\/urun-woody-yatak-odasi-takimi-10-1.jpg\" class=\"basel-gallery-image image-7 attachment-full\" alt=\"\" loading=\"lazy\" srcset=\"https:\/\/www.zettdekor.com\/wp-content\/uploads\/2020\/01\/urun-woody-yatak-odasi-takimi-10-1.jpg 1600w, https:\/\/www.zettdekor.com\/wp-content\/uploads\/2020\/01\/urun-woody-yatak-odasi-takimi-10-1-800x600.jpg 800w, https:\/\/www.zettdekor.com\/wp-content\/uploads\/2020\/01\/urun-woody-yatak-odasi-takimi-10-1-300x225.jpg 300w, https:\/\/www.zettdekor.com\/wp-content\/uploads\/2020\/01\/urun-woody-yatak-odasi-takimi-10-1-768x576.jpg 768w, https:\/\/www.zettdekor.com\/wp-content\/uploads\/2020\/01\/urun-woody-yatak-odasi-takimi-10-1-1024x768.jpg 1024w, https:\/\/www.zettdekor.com\/wp-content\/uploads\/2020\/01\/urun-woody-yatak-odasi-takimi-10-1-1200x900.jpg 1200w\" sizes=\"(max-width: 1600px) 100vw, 1600px\" \/>\t\t\t\t\t\t\t\t\r\n\t\t\t\t\t\t\t\t\t\t\t\t\t\t\t\t\t<\/a>\r\n\t\t\t\t\t\t\t\t\t\t\t\t\t\t\t<\/div>\r\n\t\t\t\t\t\t\t\t\t\t\t\t\t<div class=\"basel-gallery-item\">\r\n\t\t\t\t\t\t\t\t\t\t\t\t\t\t\t\t\t<a href=\"https:\/\/www.zettdekor.com\/wp-content\/uploads\/2020\/01\/urun-woody-yatak-odasi-takimi-11-1.jpg\" data-index=\"8\" data-width=\"1546\" data-height=\"1200\"  >\r\n\t\t\t\t\t\t\t\t\t\t\t\t\t\t\t\r\n\t\t\t\t\t\t\t\t\t\t\t\t\t\t\t\t\t<img width=\"1546\" height=\"1200\" src=\"https:\/\/www.zettdekor.com\/wp-content\/uploads\/2020\/01\/urun-woody-yatak-odasi-takimi-11-1.jpg\" class=\"basel-gallery-image image-8 attachment-full\" alt=\"\" loading=\"lazy\" srcset=\"https:\/\/www.zettdekor.com\/wp-content\/uploads\/2020\/01\/urun-woody-yatak-odasi-takimi-11-1.jpg 1546w, https:\/\/www.zettdekor.com\/wp-content\/uploads\/2020\/01\/urun-woody-yatak-odasi-takimi-11-1-300x233.jpg 300w, https:\/\/www.zettdekor.com\/wp-content\/uploads\/2020\/01\/urun-woody-yatak-odasi-takimi-11-1-768x596.jpg 768w, https:\/\/www.zettdekor.com\/wp-content\/uploads\/2020\/01\/urun-woody-yatak-odasi-takimi-11-1-1024x795.jpg 1024w, https:\/\/www.zettdekor.com\/wp-content\/uploads\/2020\/01\/urun-woody-yatak-odasi-takimi-11-1-1200x931.jpg 1200w\" sizes=\"(max-width: 1546px) 100vw, 1546px\" \/>\t\t\t\t\t\t\t\t\r\n\t\t\t\t\t\t\t\t\t\t\t\t\t\t\t\t\t<\/a>\r\n\t\t\t\t\t\t\t\t\t\t\t\t\t\t\t<\/div>\r\n\t\t\t\t\t\t\t\t\t\t\t\t\t<div class=\"basel-gallery-item\">\r\n\t\t\t\t\t\t\t\t\t\t\t\t\t\t\t\t\t<a href=\"https:\/\/www.zettdekor.com\/wp-content\/uploads\/2020\/01\/urun-woody-yatak-odasi-takimi-6-1.jpg\" data-index=\"9\" data-width=\"1317\" data-height=\"1200\"  >\r\n\t\t\t\t\t\t\t\t\t\t\t\t\t\t\t\r\n\t\t\t\t\t\t\t\t\t\t\t\t\t\t\t\t\t<img width=\"1317\" height=\"1200\" src=\"https:\/\/www.zettdekor.com\/wp-content\/uploads\/2020\/01\/urun-woody-yatak-odasi-takimi-6-1.jpg\" class=\"basel-gallery-image image-9 attachment-full\" alt=\"\" loading=\"lazy\" srcset=\"https:\/\/www.zettdekor.com\/wp-content\/uploads\/2020\/01\/urun-woody-yatak-odasi-takimi-6-1.jpg 1317w, https:\/\/www.zettdekor.com\/wp-content\/uploads\/2020\/01\/urun-woody-yatak-odasi-takimi-6-1-300x273.jpg 300w, https:\/\/www.zettdekor.com\/wp-content\/uploads\/2020\/01\/urun-woody-yatak-odasi-takimi-6-1-768x700.jpg 768w, https:\/\/www.zettdekor.com\/wp-content\/uploads\/2020\/01\/urun-woody-yatak-odasi-takimi-6-1-1024x933.jpg 1024w, https:\/\/www.zettdekor.com\/wp-content\/uploads\/2020\/01\/urun-woody-yatak-odasi-takimi-6-1-1200x1093.jpg 1200w\" sizes=\"(max-width: 1317px) 100vw, 1317px\" \/>\t\t\t\t\t\t\t\t\r\n\t\t\t\t\t\t\t\t\t\t\t\t\t\t\t\t\t<\/a>\r\n\t\t\t\t\t\t\t\t\t\t\t\t\t\t\t<\/div>\r\n\t\t\t\t\t\t\t\t\t\t\t\t\t<div class=\"basel-gallery-item\">\r\n\t\t\t\t\t\t\t\t\t\t\t\t\t\t\t\t\t<a href=\"https:\/\/www.zettdekor.com\/wp-content\/uploads\/2020\/01\/urun-woody-yatak-odasi-takimi-12-1.jpg\" data-index=\"10\" data-width=\"1801\" data-height=\"1200\"  >\r\n\t\t\t\t\t\t\t\t\t\t\t\t\t\t\t\r\n\t\t\t\t\t\t\t\t\t\t\t\t\t\t\t\t\t<img width=\"1801\" height=\"1200\" src=\"https:\/\/www.zettdekor.com\/wp-content\/uploads\/2020\/01\/urun-woody-yatak-odasi-takimi-12-1.jpg\" class=\"basel-gallery-image image-10 attachment-full\" alt=\"\" loading=\"lazy\" srcset=\"https:\/\/www.zettdekor.com\/wp-content\/uploads\/2020\/01\/urun-woody-yatak-odasi-takimi-12-1.jpg 1801w, https:\/\/www.zettdekor.com\/wp-content\/uploads\/2020\/01\/urun-woody-yatak-odasi-takimi-12-1-300x200.jpg 300w, https:\/\/www.zettdekor.com\/wp-content\/uploads\/2020\/01\/urun-woody-yatak-odasi-takimi-12-1-768x512.jpg 768w, https:\/\/www.zettdekor.com\/wp-content\/uploads\/2020\/01\/urun-woody-yatak-odasi-takimi-12-1-1024x682.jpg 1024w, https:\/\/www.zettdekor.com\/wp-content\/uploads\/2020\/01\/urun-woody-yatak-odasi-takimi-12-1-1200x800.jpg 1200w\" sizes=\"(max-width: 1801px) 100vw, 1801px\" \/>\t\t\t\t\t\t\t\t\r\n\t\t\t\t\t\t\t\t\t\t\t\t\t\t\t\t\t<\/a>\r\n\t\t\t\t\t\t\t\t\t\t\t\t\t\t\t<\/div>\r\n\t\t\t\t\t\t\t\t\t\t\t\t\t<div class=\"basel-gallery-item\">\r\n\t\t\t\t\t\t\t\t\t\t\t\t\t\t\t\t\t<a href=\"https:\/\/www.zettdekor.com\/wp-content\/uploads\/2020\/01\/urun-woody-yatak-odasi-takimi-13-1.jpg\" data-index=\"11\" data-width=\"1801\" data-height=\"1200\"  >\r\n\t\t\t\t\t\t\t\t\t\t\t\t\t\t\t\r\n\t\t\t\t\t\t\t\t\t\t\t\t\t\t\t\t\t<img width=\"1801\" height=\"1200\" src=\"https:\/\/www.zettdekor.com\/wp-content\/uploads\/2020\/01\/urun-woody-yatak-odasi-takimi-13-1.jpg\" class=\"basel-gallery-image image-11 attachment-full\" alt=\"\" loading=\"lazy\" srcset=\"https:\/\/www.zettdekor.com\/wp-content\/uploads\/2020\/01\/urun-woody-yatak-odasi-takimi-13-1.jpg 1801w, https:\/\/www.zettdekor.com\/wp-content\/uploads\/2020\/01\/urun-woody-yatak-odasi-takimi-13-1-300x200.jpg 300w, https:\/\/www.zettdekor.com\/wp-content\/uploads\/2020\/01\/urun-woody-yatak-odasi-takimi-13-1-768x512.jpg 768w, https:\/\/www.zettdekor.com\/wp-content\/uploads\/2020\/01\/urun-woody-yatak-odasi-takimi-13-1-1024x682.jpg 1024w, https:\/\/www.zettdekor.com\/wp-content\/uploads\/2020\/01\/urun-woody-yatak-odasi-takimi-13-1-1200x800.jpg 1200w\" sizes=\"(max-width: 1801px) 100vw, 1801px\" \/>\t\t\t\t\t\t\t\t\r\n\t\t\t\t\t\t\t\t\t\t\t\t\t\t\t\t\t<\/a>\r\n\t\t\t\t\t\t\t\t\t\t\t\t\t\t\t<\/div>\r\n\t\t\t\t\t\t\t\t\t\t\t\t\t<div class=\"basel-gallery-item\">\r\n\t\t\t\t\t\t\t\t\t\t\t\t\t\t\t\t\t<a href=\"https:\/\/www.zettdekor.com\/wp-content\/uploads\/2020\/01\/urun-woody-yatak-odasi-takimi-14-1.jpg\" data-index=\"12\" data-width=\"1801\" data-height=\"1200\"  >\r\n\t\t\t\t\t\t\t\t\t\t\t\t\t\t\t\r\n\t\t\t\t\t\t\t\t\t\t\t\t\t\t\t\t\t<img width=\"1801\" height=\"1200\" src=\"https:\/\/www.zettdekor.com\/wp-content\/uploads\/2020\/01\/urun-woody-yatak-odasi-takimi-14-1.jpg\" class=\"basel-gallery-image image-12 attachment-full\" alt=\"\" loading=\"lazy\" srcset=\"https:\/\/www.zettdekor.com\/wp-content\/uploads\/2020\/01\/urun-woody-yatak-odasi-takimi-14-1.jpg 1801w, https:\/\/www.zettdekor.com\/wp-content\/uploads\/2020\/01\/urun-woody-yatak-odasi-takimi-14-1-300x200.jpg 300w, https:\/\/www.zettdekor.com\/wp-content\/uploads\/2020\/01\/urun-woody-yatak-odasi-takimi-14-1-768x512.jpg 768w, https:\/\/www.zettdekor.com\/wp-content\/uploads\/2020\/01\/urun-woody-yatak-odasi-takimi-14-1-1024x682.jpg 1024w, https:\/\/www.zettdekor.com\/wp-content\/uploads\/2020\/01\/urun-woody-yatak-odasi-takimi-14-1-1200x800.jpg 1200w\" sizes=\"(max-width: 1801px) 100vw, 1801px\" \/>\t\t\t\t\t\t\t\t\r\n\t\t\t\t\t\t\t\t\t\t\t\t\t\t\t\t\t<\/a>\r\n\t\t\t\t\t\t\t\t\t\t\t\t\t\t\t<\/div>\r\n\t\t\t\t\t\t\t\t\t\t\t\t\t<div class=\"basel-gallery-item\">\r\n\t\t\t\t\t\t\t\t\t\t\t\t\t\t\t\t\t<a href=\"https:\/\/www.zettdekor.com\/wp-content\/uploads\/2020\/01\/urun-woody-yatak-odasi-takimi-3-3.jpg\" data-index=\"13\" data-width=\"1801\" data-height=\"1200\"  >\r\n\t\t\t\t\t\t\t\t\t\t\t\t\t\t\t\r\n\t\t\t\t\t\t\t\t\t\t\t\t\t\t\t\t\t<img width=\"1801\" height=\"1200\" src=\"https:\/\/www.zettdekor.com\/wp-content\/uploads\/2020\/01\/urun-woody-yatak-odasi-takimi-3-3.jpg\" class=\"basel-gallery-image image-13 attachment-full\" alt=\"\" loading=\"lazy\" srcset=\"https:\/\/www.zettdekor.com\/wp-content\/uploads\/2020\/01\/urun-woody-yatak-odasi-takimi-3-3.jpg 1801w, https:\/\/www.zettdekor.com\/wp-content\/uploads\/2020\/01\/urun-woody-yatak-odasi-takimi-3-3-300x200.jpg 300w, https:\/\/www.zettdekor.com\/wp-content\/uploads\/2020\/01\/urun-woody-yatak-odasi-takimi-3-3-768x512.jpg 768w, https:\/\/www.zettdekor.com\/wp-content\/uploads\/2020\/01\/urun-woody-yatak-odasi-takimi-3-3-1024x682.jpg 1024w, https:\/\/www.zettdekor.com\/wp-content\/uploads\/2020\/01\/urun-woody-yatak-odasi-takimi-3-3-1200x800.jpg 1200w\" sizes=\"(max-width: 1801px) 100vw, 1801px\" \/>\t\t\t\t\t\t\t\t\r\n\t\t\t\t\t\t\t\t\t\t\t\t\t\t\t\t\t<\/a>\r\n\t\t\t\t\t\t\t\t\t\t\t\t\t\t\t<\/div>\r\n\t\t\t\t\t\t\t\t\t\t\t\t\t\t\t<\/div>\r\n\t\t\t<\/div>\r\n\t\t\t\t\t[\/vc_column][\/vc_row]<\/p>","protected":false},"excerpt":{"rendered":"<p>[vc_row][vc_column][vc_column_text el_class=&#8221;urun_modul_baslik&#8221;] \u00dcr\u00fcn Mod\u00fclleri [\/vc_column_text][vc_raw_html]JTNDZGl2JTIwY2xhc3MlM0QlMjJjdXN0b21fd29vc2IlMjIlM0UlM0MlMkZkaXYlM0U=[\/vc_raw_html][\/vc_column][\/vc_row][vc_row][vc_column][\/vc_column][\/vc_row]<\/p>","protected":false},"featured_media":9233,"template":"","meta":[],"_links":{"self":[{"href":"https:\/\/www.zettdekor.com\/uz\/wp-json\/wp\/v2\/product\/1844"}],"collection":[{"href":"https:\/\/www.zettdekor.com\/uz\/wp-json\/wp\/v2\/product"}],"about":[{"href":"https:\/\/www.zettdekor.com\/uz\/wp-json\/wp\/v2\/types\/product"}],"wp:featuredmedia":[{"embeddable":true,"href":"https:\/\/www.zettdekor.com\/uz\/wp-json\/wp\/v2\/media\/9233"}],"wp:attachment":[{"href":"https:\/\/www.zettdekor.com\/uz\/wp-json\/wp\/v2\/media?parent=1844"}],"curies":[{"name":"wp","href":"https:\/\/api.w.org\/{rel}","templated":true}]}}