{"id":1794,"date":"2020-01-19T15:56:14","date_gmt":"2020-01-19T12:56:14","guid":{"rendered":"http:\/\/zettdekor.com\/urun\/grida-karyola\/"},"modified":"2020-01-20T13:13:43","modified_gmt":"2020-01-20T10:13:43","slug":"grida-karyola","status":"publish","type":"product","link":"https:\/\/www.zettdekor.com\/uz\/product\/grida-karyola\/","title":{"rendered":"Grida Karyola"},"content":{"rendered":"","protected":false},"excerpt":{"rendered":"<p>\u00d6zg\u00fcn dizayn\u0131yla sizlere inan\u0131lmaz bir deneyim sunan Grida ile televizyonunuz art\u0131k yata\u011f\u0131n\u0131zda!<br \/>\nEkran \u00f6zelli\u011fi sayesinde seyir ve dinlenmeyi bir araya getiren Grida ile bu e\u015fsiz tecr\u00fcbeye siz de sahip olabilirsiniz.<\/p>","protected":false},"featured_media":1792,"template":"","meta":[],"_links":{"self":[{"href":"https:\/\/www.zettdekor.com\/uz\/wp-json\/wp\/v2\/product\/1794"}],"collection":[{"href":"https:\/\/www.zettdekor.com\/uz\/wp-json\/wp\/v2\/product"}],"about":[{"href":"https:\/\/www.zettdekor.com\/uz\/wp-json\/wp\/v2\/types\/product"}],"wp:featuredmedia":[{"embeddable":true,"href":"https:\/\/www.zettdekor.com\/uz\/wp-json\/wp\/v2\/media\/1792"}],"wp:attachment":[{"href":"https:\/\/www.zettdekor.com\/uz\/wp-json\/wp\/v2\/media?parent=1794"}],"curies":[{"name":"wp","href":"https:\/\/api.w.org\/{rel}","templated":true}]}}