{"id":1561,"date":"2020-01-19T15:52:13","date_gmt":"2020-01-19T12:52:13","guid":{"rendered":"http:\/\/zettdekor.com\/urun\/kose-modul-dolap-moduli\/"},"modified":"2020-01-20T13:19:48","modified_gmt":"2020-01-20T10:19:48","slug":"kose-modul-dolap-moduli","status":"publish","type":"product","link":"https:\/\/www.zettdekor.com\/uz\/product\/kose-modul-dolap-moduli\/","title":{"rendered":"K\u00f6\u015fe Mod\u00fcl Dolap Mod\u00fcl\u00fc"},"content":{"rendered":"","protected":false},"excerpt":{"rendered":"","protected":false},"featured_media":1560,"template":"","meta":[],"_links":{"self":[{"href":"https:\/\/www.zettdekor.com\/uz\/wp-json\/wp\/v2\/product\/1561"}],"collection":[{"href":"https:\/\/www.zettdekor.com\/uz\/wp-json\/wp\/v2\/product"}],"about":[{"href":"https:\/\/www.zettdekor.com\/uz\/wp-json\/wp\/v2\/types\/product"}],"wp:featuredmedia":[{"embeddable":true,"href":"https:\/\/www.zettdekor.com\/uz\/wp-json\/wp\/v2\/media\/1560"}],"wp:attachment":[{"href":"https:\/\/www.zettdekor.com\/uz\/wp-json\/wp\/v2\/media?parent=1561"}],"curies":[{"name":"wp","href":"https:\/\/api.w.org\/{rel}","templated":true}]}}