{"id":1563,"date":"2020-01-19T15:52:14","date_gmt":"2020-01-19T12:52:14","guid":{"rendered":"http:\/\/zettdekor.com\/urun\/l-kose-giyinme-odasi-full-ayna-dolap-moduli\/"},"modified":"2022-01-09T23:21:59","modified_gmt":"2022-01-09T20:21:59","slug":"l-kose-giyinme-odasi-full-ayna-dolap-moduli","status":"publish","type":"product","link":"https:\/\/www.zettdekor.com\/ru\/product\/l-kose-giyinme-odasi-full-ayna-dolap-moduli\/","title":{"rendered":"L k\u00f6\u015fe Giyinme Odas\u0131 ( Full Ayna) Dolap Mod\u00fcl\u00fc"},"content":{"rendered":"","protected":false},"excerpt":{"rendered":"","protected":false},"featured_media":24502,"template":"","meta":[],"_links":{"self":[{"href":"https:\/\/www.zettdekor.com\/ru\/wp-json\/wp\/v2\/product\/1563"}],"collection":[{"href":"https:\/\/www.zettdekor.com\/ru\/wp-json\/wp\/v2\/product"}],"about":[{"href":"https:\/\/www.zettdekor.com\/ru\/wp-json\/wp\/v2\/types\/product"}],"wp:featuredmedia":[{"embeddable":true,"href":"https:\/\/www.zettdekor.com\/ru\/wp-json\/wp\/v2\/media\/24502"}],"wp:attachment":[{"href":"https:\/\/www.zettdekor.com\/ru\/wp-json\/wp\/v2\/media?parent=1563"}],"curies":[{"name":"wp","href":"https:\/\/api.w.org\/{rel}","templated":true}]}}