{"id":1552,"date":"2020-01-19T15:52:04","date_gmt":"2020-01-19T12:52:04","guid":{"rendered":"http:\/\/zettdekor.com\/urun\/3a-ceviz-kapakli-dolap-moduli\/"},"modified":"2020-01-20T13:17:07","modified_gmt":"2020-01-20T10:17:07","slug":"3a-ceviz-kapakli-dolap-moduli","status":"publish","type":"product","link":"https:\/\/www.zettdekor.com\/ru\/product\/3a-ceviz-kapakli-dolap-moduli\/","title":{"rendered":"3A Ceviz Kapakl\u0131 Dolap Mod\u00fcl\u00fc"},"content":{"rendered":"","protected":false},"excerpt":{"rendered":"","protected":false},"featured_media":1546,"template":"","meta":[],"_links":{"self":[{"href":"https:\/\/www.zettdekor.com\/ru\/wp-json\/wp\/v2\/product\/1552"}],"collection":[{"href":"https:\/\/www.zettdekor.com\/ru\/wp-json\/wp\/v2\/product"}],"about":[{"href":"https:\/\/www.zettdekor.com\/ru\/wp-json\/wp\/v2\/types\/product"}],"wp:featuredmedia":[{"embeddable":true,"href":"https:\/\/www.zettdekor.com\/ru\/wp-json\/wp\/v2\/media\/1546"}],"wp:attachment":[{"href":"https:\/\/www.zettdekor.com\/ru\/wp-json\/wp\/v2\/media?parent=1552"}],"curies":[{"name":"wp","href":"https:\/\/api.w.org\/{rel}","templated":true}]}}