{"id":9511,"date":"2021-06-01T17:03:52","date_gmt":"2021-06-01T14:03:52","guid":{"rendered":"http:\/\/zettdekor.com\/?post_type=product&#038;p=9511"},"modified":"2021-06-01T17:22:41","modified_gmt":"2021-06-01T14:22:41","slug":"dora-ekru-duvar-unitesi","status":"publish","type":"product","link":"https:\/\/www.zettdekor.com\/en\/product\/dora-ekru-duvar-unitesi\/","title":{"rendered":"Dora Ekru"},"content":{"rendered":"<p>[vc_row][vc_column][vc_column_text el_class=&#8221;urun_modul_baslik&#8221;]<\/p>\n<h2 class=\"modul_baslik\" style=\"text-align: center;\">Product Modules<\/h2>\n<p>[\/vc_column_text][vc_raw_html]JTNDZGl2JTIwY2xhc3MlM0QlMjJjdXN0b21fd29vc2IlMjIlM0UlM0MlMkZkaXYlM0U=[\/vc_raw_html][\/vc_column][\/vc_row][vc_row][vc_column]\t\t\t<div id=\"gallery_811\" class=\"basel-images-gallery product_gallery spacing-0 columns-3 view-carousel photoswipe-images\" data-owl-carousel data-wrap=\"yes\" data-autoplay=\"\" data-hide_pagination_control=\"yes\" data-desktop=\"1\" data-desktop_small=\"1\" data-tablet=\"1\" data-mobile=\"1\">\r\n\t\t\t\t<div class=\"gallery-images owl-carousel\">\r\n\t\t\t\t\t\t\t\t\t\t\t\t\t\t\t\t\t\t<div class=\"basel-gallery-item\">\r\n\t\t\t\t\t\t\t\t\t\t\t\t\t\t\t\t\t<a href=\"\" data-index=\"1\" data-width=\"\" data-height=\"\"  >\r\n\t\t\t\t\t\t\t\t\t\t\t\t\t\t\t\r\n\t\t\t\t\t\t\t\t\r\n\t\t\t\t\t\t\t\t\t\t\t\t\t\t\t\t\t<\/a>\r\n\t\t\t\t\t\t\t\t\t\t\t\t\t\t\t<\/div>\r\n\t\t\t\t\t\t\t\t\t\t\t\t\t\t\t<\/div>\r\n\t\t\t<\/div>\r\n\t\t\t\t\t[\/vc_column][\/vc_row]<\/p>","protected":false},"excerpt":{"rendered":"<p>[vc_row][vc_column][vc_column_text el_class=&#8221;urun_modul_baslik&#8221;] \u00dcr\u00fcn Mod\u00fclleri [\/vc_column_text][vc_raw_html]JTNDZGl2JTIwY2xhc3MlM0QlMjJjdXN0b21fd29vc2IlMjIlM0UlM0MlMkZkaXYlM0U=[\/vc_raw_html][\/vc_column][\/vc_row][vc_row][vc_column][\/vc_column][\/vc_row]<\/p>","protected":false},"featured_media":9527,"template":"","meta":[],"_links":{"self":[{"href":"https:\/\/www.zettdekor.com\/en\/wp-json\/wp\/v2\/product\/9511"}],"collection":[{"href":"https:\/\/www.zettdekor.com\/en\/wp-json\/wp\/v2\/product"}],"about":[{"href":"https:\/\/www.zettdekor.com\/en\/wp-json\/wp\/v2\/types\/product"}],"wp:featuredmedia":[{"embeddable":true,"href":"https:\/\/www.zettdekor.com\/en\/wp-json\/wp\/v2\/media\/9527"}],"wp:attachment":[{"href":"https:\/\/www.zettdekor.com\/en\/wp-json\/wp\/v2\/media?parent=9511"}],"curies":[{"name":"wp","href":"https:\/\/api.w.org\/{rel}","templated":true}]}}