{"id":9454,"date":"2021-06-01T15:35:23","date_gmt":"2021-06-01T12:35:23","guid":{"rendered":"http:\/\/zettdekor.com\/?post_type=product&#038;p=9454"},"modified":"2021-06-01T15:40:00","modified_gmt":"2021-06-01T12:40:00","slug":"grace-yatak-odasi","status":"publish","type":"product","link":"https:\/\/www.zettdekor.com\/en\/product\/grace-yatak-odasi\/","title":{"rendered":"Grace"},"content":{"rendered":"<p>[vc_row][vc_column][vc_column_text el_class=&#8221;urun_modul_baslik&#8221;]<\/p>\n<h2 class=\"modul_baslik\" style=\"text-align: center;\">Product Modules<\/h2>\n<p>[\/vc_column_text][vc_raw_html]JTNDZGl2JTIwY2xhc3MlM0QlMjJjdXN0b21fd29vc2IlMjIlM0UlM0MlMkZkaXYlM0U=[\/vc_raw_html][\/vc_column][\/vc_row][vc_row][vc_column]\t\t\t<div id=\"gallery_269\" class=\"basel-images-gallery product_gallery spacing-0 columns-3 view-carousel photoswipe-images\" data-owl-carousel data-wrap=\"yes\" data-autoplay=\"\" data-hide_pagination_control=\"yes\" data-desktop=\"1\" data-desktop_small=\"1\" data-tablet=\"1\" data-mobile=\"1\">\r\n\t\t\t\t<div class=\"gallery-images owl-carousel\">\r\n\t\t\t\t\t\t\t\t\t\t\t\t\t\t\t\t\t\t<div class=\"basel-gallery-item\">\r\n\t\t\t\t\t\t\t\t\t\t\t\t\t\t\t\t\t<a href=\"https:\/\/www.zettdekor.com\/wp-content\/uploads\/2021\/06\/urun-grace-yatak-odasi-3.jpg\" data-index=\"1\" data-width=\"1800\" data-height=\"1200\"  >\r\n\t\t\t\t\t\t\t\t\t\t\t\t\t\t\t\r\n\t\t\t\t\t\t\t\t\t\t\t\t\t\t\t\t\t<img width=\"1800\" height=\"1200\" src=\"https:\/\/www.zettdekor.com\/wp-content\/uploads\/2021\/06\/urun-grace-yatak-odasi-3.jpg\" class=\"basel-gallery-image image-1 attachment-full\" alt=\"\" loading=\"lazy\" srcset=\"https:\/\/www.zettdekor.com\/wp-content\/uploads\/2021\/06\/urun-grace-yatak-odasi-3.jpg 1800w, https:\/\/www.zettdekor.com\/wp-content\/uploads\/2021\/06\/urun-grace-yatak-odasi-3-300x200.jpg 300w, https:\/\/www.zettdekor.com\/wp-content\/uploads\/2021\/06\/urun-grace-yatak-odasi-3-768x512.jpg 768w, https:\/\/www.zettdekor.com\/wp-content\/uploads\/2021\/06\/urun-grace-yatak-odasi-3-1024x683.jpg 1024w, https:\/\/www.zettdekor.com\/wp-content\/uploads\/2021\/06\/urun-grace-yatak-odasi-3-1200x800.jpg 1200w\" sizes=\"(max-width: 1800px) 100vw, 1800px\" \/>\t\t\t\t\t\t\t\t\r\n\t\t\t\t\t\t\t\t\t\t\t\t\t\t\t\t\t<\/a>\r\n\t\t\t\t\t\t\t\t\t\t\t\t\t\t\t<\/div>\r\n\t\t\t\t\t\t\t\t\t\t\t\t\t<div class=\"basel-gallery-item\">\r\n\t\t\t\t\t\t\t\t\t\t\t\t\t\t\t\t\t<a href=\"https:\/\/www.zettdekor.com\/wp-content\/uploads\/2021\/06\/urun-grace-yatak-odasi-5.jpg\" data-index=\"2\" data-width=\"900\" data-height=\"1200\"  >\r\n\t\t\t\t\t\t\t\t\t\t\t\t\t\t\t\r\n\t\t\t\t\t\t\t\t\t\t\t\t\t\t\t\t\t<img width=\"900\" height=\"1200\" src=\"https:\/\/www.zettdekor.com\/wp-content\/uploads\/2021\/06\/urun-grace-yatak-odasi-5.jpg\" class=\"basel-gallery-image image-2 attachment-full\" alt=\"\" loading=\"lazy\" srcset=\"https:\/\/www.zettdekor.com\/wp-content\/uploads\/2021\/06\/urun-grace-yatak-odasi-5.jpg 900w, https:\/\/www.zettdekor.com\/wp-content\/uploads\/2021\/06\/urun-grace-yatak-odasi-5-225x300.jpg 225w, https:\/\/www.zettdekor.com\/wp-content\/uploads\/2021\/06\/urun-grace-yatak-odasi-5-768x1024.jpg 768w\" sizes=\"(max-width: 900px) 100vw, 900px\" \/>\t\t\t\t\t\t\t\t\r\n\t\t\t\t\t\t\t\t\t\t\t\t\t\t\t\t\t<\/a>\r\n\t\t\t\t\t\t\t\t\t\t\t\t\t\t\t<\/div>\r\n\t\t\t\t\t\t\t\t\t\t\t\t\t<div class=\"basel-gallery-item\">\r\n\t\t\t\t\t\t\t\t\t\t\t\t\t\t\t\t\t<a href=\"https:\/\/www.zettdekor.com\/wp-content\/uploads\/2021\/06\/urun-grace-yatak-odasi-6.jpg\" data-index=\"3\" data-width=\"1600\" data-height=\"1200\"  >\r\n\t\t\t\t\t\t\t\t\t\t\t\t\t\t\t\r\n\t\t\t\t\t\t\t\t\t\t\t\t\t\t\t\t\t<img width=\"1600\" height=\"1200\" src=\"https:\/\/www.zettdekor.com\/wp-content\/uploads\/2021\/06\/urun-grace-yatak-odasi-6.jpg\" class=\"basel-gallery-image image-3 attachment-full\" alt=\"\" loading=\"lazy\" srcset=\"https:\/\/www.zettdekor.com\/wp-content\/uploads\/2021\/06\/urun-grace-yatak-odasi-6.jpg 1600w, https:\/\/www.zettdekor.com\/wp-content\/uploads\/2021\/06\/urun-grace-yatak-odasi-6-800x600.jpg 800w, https:\/\/www.zettdekor.com\/wp-content\/uploads\/2021\/06\/urun-grace-yatak-odasi-6-300x225.jpg 300w, https:\/\/www.zettdekor.com\/wp-content\/uploads\/2021\/06\/urun-grace-yatak-odasi-6-768x576.jpg 768w, https:\/\/www.zettdekor.com\/wp-content\/uploads\/2021\/06\/urun-grace-yatak-odasi-6-1024x768.jpg 1024w, https:\/\/www.zettdekor.com\/wp-content\/uploads\/2021\/06\/urun-grace-yatak-odasi-6-1200x900.jpg 1200w\" sizes=\"(max-width: 1600px) 100vw, 1600px\" \/>\t\t\t\t\t\t\t\t\r\n\t\t\t\t\t\t\t\t\t\t\t\t\t\t\t\t\t<\/a>\r\n\t\t\t\t\t\t\t\t\t\t\t\t\t\t\t<\/div>\r\n\t\t\t\t\t\t\t\t\t\t\t\t\t<div class=\"basel-gallery-item\">\r\n\t\t\t\t\t\t\t\t\t\t\t\t\t\t\t\t\t<a href=\"https:\/\/www.zettdekor.com\/wp-content\/uploads\/2021\/06\/urun-grace-yatak-odasi-7.jpg\" data-index=\"4\" data-width=\"1600\" data-height=\"1200\"  >\r\n\t\t\t\t\t\t\t\t\t\t\t\t\t\t\t\r\n\t\t\t\t\t\t\t\t\t\t\t\t\t\t\t\t\t<img width=\"1600\" height=\"1200\" src=\"https:\/\/www.zettdekor.com\/wp-content\/uploads\/2021\/06\/urun-grace-yatak-odasi-7.jpg\" class=\"basel-gallery-image image-4 attachment-full\" alt=\"\" loading=\"lazy\" srcset=\"https:\/\/www.zettdekor.com\/wp-content\/uploads\/2021\/06\/urun-grace-yatak-odasi-7.jpg 1600w, https:\/\/www.zettdekor.com\/wp-content\/uploads\/2021\/06\/urun-grace-yatak-odasi-7-800x600.jpg 800w, https:\/\/www.zettdekor.com\/wp-content\/uploads\/2021\/06\/urun-grace-yatak-odasi-7-300x225.jpg 300w, https:\/\/www.zettdekor.com\/wp-content\/uploads\/2021\/06\/urun-grace-yatak-odasi-7-768x576.jpg 768w, https:\/\/www.zettdekor.com\/wp-content\/uploads\/2021\/06\/urun-grace-yatak-odasi-7-1024x768.jpg 1024w, https:\/\/www.zettdekor.com\/wp-content\/uploads\/2021\/06\/urun-grace-yatak-odasi-7-1200x900.jpg 1200w\" sizes=\"(max-width: 1600px) 100vw, 1600px\" \/>\t\t\t\t\t\t\t\t\r\n\t\t\t\t\t\t\t\t\t\t\t\t\t\t\t\t\t<\/a>\r\n\t\t\t\t\t\t\t\t\t\t\t\t\t\t\t<\/div>\r\n\t\t\t\t\t\t\t\t\t\t\t\t\t<div class=\"basel-gallery-item\">\r\n\t\t\t\t\t\t\t\t\t\t\t\t\t\t\t\t\t<a href=\"https:\/\/www.zettdekor.com\/wp-content\/uploads\/2021\/06\/urun-grace-yatak-odasi-13.jpg\" data-index=\"5\" data-width=\"1600\" data-height=\"1200\"  >\r\n\t\t\t\t\t\t\t\t\t\t\t\t\t\t\t\r\n\t\t\t\t\t\t\t\t\t\t\t\t\t\t\t\t\t<img width=\"1600\" height=\"1200\" src=\"https:\/\/www.zettdekor.com\/wp-content\/uploads\/2021\/06\/urun-grace-yatak-odasi-13.jpg\" class=\"basel-gallery-image image-5 attachment-full\" alt=\"\" loading=\"lazy\" srcset=\"https:\/\/www.zettdekor.com\/wp-content\/uploads\/2021\/06\/urun-grace-yatak-odasi-13.jpg 1600w, https:\/\/www.zettdekor.com\/wp-content\/uploads\/2021\/06\/urun-grace-yatak-odasi-13-800x600.jpg 800w, https:\/\/www.zettdekor.com\/wp-content\/uploads\/2021\/06\/urun-grace-yatak-odasi-13-300x225.jpg 300w, https:\/\/www.zettdekor.com\/wp-content\/uploads\/2021\/06\/urun-grace-yatak-odasi-13-768x576.jpg 768w, https:\/\/www.zettdekor.com\/wp-content\/uploads\/2021\/06\/urun-grace-yatak-odasi-13-1024x768.jpg 1024w, https:\/\/www.zettdekor.com\/wp-content\/uploads\/2021\/06\/urun-grace-yatak-odasi-13-1200x900.jpg 1200w\" sizes=\"(max-width: 1600px) 100vw, 1600px\" \/>\t\t\t\t\t\t\t\t\r\n\t\t\t\t\t\t\t\t\t\t\t\t\t\t\t\t\t<\/a>\r\n\t\t\t\t\t\t\t\t\t\t\t\t\t\t\t<\/div>\r\n\t\t\t\t\t\t\t\t\t\t\t\t\t<div class=\"basel-gallery-item\">\r\n\t\t\t\t\t\t\t\t\t\t\t\t\t\t\t\t\t<a href=\"https:\/\/www.zettdekor.com\/wp-content\/uploads\/2021\/06\/urun-grace-yatak-odasi-12.jpg\" data-index=\"6\" data-width=\"1600\" data-height=\"1200\"  >\r\n\t\t\t\t\t\t\t\t\t\t\t\t\t\t\t\r\n\t\t\t\t\t\t\t\t\t\t\t\t\t\t\t\t\t<img width=\"1600\" height=\"1200\" src=\"https:\/\/www.zettdekor.com\/wp-content\/uploads\/2021\/06\/urun-grace-yatak-odasi-12.jpg\" class=\"basel-gallery-image image-6 attachment-full\" alt=\"\" loading=\"lazy\" srcset=\"https:\/\/www.zettdekor.com\/wp-content\/uploads\/2021\/06\/urun-grace-yatak-odasi-12.jpg 1600w, https:\/\/www.zettdekor.com\/wp-content\/uploads\/2021\/06\/urun-grace-yatak-odasi-12-800x600.jpg 800w, https:\/\/www.zettdekor.com\/wp-content\/uploads\/2021\/06\/urun-grace-yatak-odasi-12-300x225.jpg 300w, https:\/\/www.zettdekor.com\/wp-content\/uploads\/2021\/06\/urun-grace-yatak-odasi-12-768x576.jpg 768w, https:\/\/www.zettdekor.com\/wp-content\/uploads\/2021\/06\/urun-grace-yatak-odasi-12-1024x768.jpg 1024w, https:\/\/www.zettdekor.com\/wp-content\/uploads\/2021\/06\/urun-grace-yatak-odasi-12-1200x900.jpg 1200w\" sizes=\"(max-width: 1600px) 100vw, 1600px\" \/>\t\t\t\t\t\t\t\t\r\n\t\t\t\t\t\t\t\t\t\t\t\t\t\t\t\t\t<\/a>\r\n\t\t\t\t\t\t\t\t\t\t\t\t\t\t\t<\/div>\r\n\t\t\t\t\t\t\t\t\t\t\t\t\t<div class=\"basel-gallery-item\">\r\n\t\t\t\t\t\t\t\t\t\t\t\t\t\t\t\t\t<a href=\"https:\/\/www.zettdekor.com\/wp-content\/uploads\/2021\/06\/urun-grace-yatak-odasi-1.jpg\" data-index=\"7\" data-width=\"1600\" data-height=\"1200\"  >\r\n\t\t\t\t\t\t\t\t\t\t\t\t\t\t\t\r\n\t\t\t\t\t\t\t\t\t\t\t\t\t\t\t\t\t<img width=\"1600\" height=\"1200\" src=\"https:\/\/www.zettdekor.com\/wp-content\/uploads\/2021\/06\/urun-grace-yatak-odasi-1.jpg\" class=\"basel-gallery-image image-7 attachment-full\" alt=\"\" loading=\"lazy\" srcset=\"https:\/\/www.zettdekor.com\/wp-content\/uploads\/2021\/06\/urun-grace-yatak-odasi-1.jpg 1600w, https:\/\/www.zettdekor.com\/wp-content\/uploads\/2021\/06\/urun-grace-yatak-odasi-1-800x600.jpg 800w, https:\/\/www.zettdekor.com\/wp-content\/uploads\/2021\/06\/urun-grace-yatak-odasi-1-300x225.jpg 300w, https:\/\/www.zettdekor.com\/wp-content\/uploads\/2021\/06\/urun-grace-yatak-odasi-1-768x576.jpg 768w, https:\/\/www.zettdekor.com\/wp-content\/uploads\/2021\/06\/urun-grace-yatak-odasi-1-1024x768.jpg 1024w, https:\/\/www.zettdekor.com\/wp-content\/uploads\/2021\/06\/urun-grace-yatak-odasi-1-1200x900.jpg 1200w\" sizes=\"(max-width: 1600px) 100vw, 1600px\" \/>\t\t\t\t\t\t\t\t\r\n\t\t\t\t\t\t\t\t\t\t\t\t\t\t\t\t\t<\/a>\r\n\t\t\t\t\t\t\t\t\t\t\t\t\t\t\t<\/div>\r\n\t\t\t\t\t\t\t\t\t\t\t\t\t<div class=\"basel-gallery-item\">\r\n\t\t\t\t\t\t\t\t\t\t\t\t\t\t\t\t\t<a href=\"https:\/\/www.zettdekor.com\/wp-content\/uploads\/2021\/06\/urun-grace-yatak-odasi-2.jpg\" data-index=\"8\" data-width=\"1600\" data-height=\"1200\"  >\r\n\t\t\t\t\t\t\t\t\t\t\t\t\t\t\t\r\n\t\t\t\t\t\t\t\t\t\t\t\t\t\t\t\t\t<img width=\"1600\" height=\"1200\" src=\"https:\/\/www.zettdekor.com\/wp-content\/uploads\/2021\/06\/urun-grace-yatak-odasi-2.jpg\" class=\"basel-gallery-image image-8 attachment-full\" alt=\"\" loading=\"lazy\" srcset=\"https:\/\/www.zettdekor.com\/wp-content\/uploads\/2021\/06\/urun-grace-yatak-odasi-2.jpg 1600w, https:\/\/www.zettdekor.com\/wp-content\/uploads\/2021\/06\/urun-grace-yatak-odasi-2-800x600.jpg 800w, https:\/\/www.zettdekor.com\/wp-content\/uploads\/2021\/06\/urun-grace-yatak-odasi-2-300x225.jpg 300w, https:\/\/www.zettdekor.com\/wp-content\/uploads\/2021\/06\/urun-grace-yatak-odasi-2-768x576.jpg 768w, https:\/\/www.zettdekor.com\/wp-content\/uploads\/2021\/06\/urun-grace-yatak-odasi-2-1024x768.jpg 1024w, https:\/\/www.zettdekor.com\/wp-content\/uploads\/2021\/06\/urun-grace-yatak-odasi-2-1200x900.jpg 1200w\" sizes=\"(max-width: 1600px) 100vw, 1600px\" \/>\t\t\t\t\t\t\t\t\r\n\t\t\t\t\t\t\t\t\t\t\t\t\t\t\t\t\t<\/a>\r\n\t\t\t\t\t\t\t\t\t\t\t\t\t\t\t<\/div>\r\n\t\t\t\t\t\t\t\t\t\t\t\t\t<div class=\"basel-gallery-item\">\r\n\t\t\t\t\t\t\t\t\t\t\t\t\t\t\t\t\t<a href=\"https:\/\/www.zettdekor.com\/wp-content\/uploads\/2021\/06\/urun-grace-yatak-odasi-8.jpg\" data-index=\"9\" data-width=\"900\" data-height=\"1200\"  >\r\n\t\t\t\t\t\t\t\t\t\t\t\t\t\t\t\r\n\t\t\t\t\t\t\t\t\t\t\t\t\t\t\t\t\t<img width=\"900\" height=\"1200\" src=\"https:\/\/www.zettdekor.com\/wp-content\/uploads\/2021\/06\/urun-grace-yatak-odasi-8.jpg\" class=\"basel-gallery-image image-9 attachment-full\" alt=\"\" loading=\"lazy\" srcset=\"https:\/\/www.zettdekor.com\/wp-content\/uploads\/2021\/06\/urun-grace-yatak-odasi-8.jpg 900w, https:\/\/www.zettdekor.com\/wp-content\/uploads\/2021\/06\/urun-grace-yatak-odasi-8-225x300.jpg 225w, https:\/\/www.zettdekor.com\/wp-content\/uploads\/2021\/06\/urun-grace-yatak-odasi-8-768x1024.jpg 768w\" sizes=\"(max-width: 900px) 100vw, 900px\" \/>\t\t\t\t\t\t\t\t\r\n\t\t\t\t\t\t\t\t\t\t\t\t\t\t\t\t\t<\/a>\r\n\t\t\t\t\t\t\t\t\t\t\t\t\t\t\t<\/div>\r\n\t\t\t\t\t\t\t\t\t\t\t\t\t<div class=\"basel-gallery-item\">\r\n\t\t\t\t\t\t\t\t\t\t\t\t\t\t\t\t\t<a href=\"https:\/\/www.zettdekor.com\/wp-content\/uploads\/2021\/06\/urun-grace-yatak-odasi-9.jpg\" data-index=\"10\" data-width=\"900\" data-height=\"1200\"  >\r\n\t\t\t\t\t\t\t\t\t\t\t\t\t\t\t\r\n\t\t\t\t\t\t\t\t\t\t\t\t\t\t\t\t\t<img width=\"900\" height=\"1200\" src=\"https:\/\/www.zettdekor.com\/wp-content\/uploads\/2021\/06\/urun-grace-yatak-odasi-9.jpg\" class=\"basel-gallery-image image-10 attachment-full\" alt=\"\" loading=\"lazy\" srcset=\"https:\/\/www.zettdekor.com\/wp-content\/uploads\/2021\/06\/urun-grace-yatak-odasi-9.jpg 900w, https:\/\/www.zettdekor.com\/wp-content\/uploads\/2021\/06\/urun-grace-yatak-odasi-9-225x300.jpg 225w, https:\/\/www.zettdekor.com\/wp-content\/uploads\/2021\/06\/urun-grace-yatak-odasi-9-768x1024.jpg 768w\" sizes=\"(max-width: 900px) 100vw, 900px\" \/>\t\t\t\t\t\t\t\t\r\n\t\t\t\t\t\t\t\t\t\t\t\t\t\t\t\t\t<\/a>\r\n\t\t\t\t\t\t\t\t\t\t\t\t\t\t\t<\/div>\r\n\t\t\t\t\t\t\t\t\t\t\t\t\t<div class=\"basel-gallery-item\">\r\n\t\t\t\t\t\t\t\t\t\t\t\t\t\t\t\t\t<a href=\"https:\/\/www.zettdekor.com\/wp-content\/uploads\/2021\/06\/urun-grace-yatak-odasi-10.jpg\" data-index=\"11\" data-width=\"900\" data-height=\"1200\"  >\r\n\t\t\t\t\t\t\t\t\t\t\t\t\t\t\t\r\n\t\t\t\t\t\t\t\t\t\t\t\t\t\t\t\t\t<img width=\"900\" height=\"1200\" src=\"https:\/\/www.zettdekor.com\/wp-content\/uploads\/2021\/06\/urun-grace-yatak-odasi-10.jpg\" class=\"basel-gallery-image image-11 attachment-full\" alt=\"\" loading=\"lazy\" srcset=\"https:\/\/www.zettdekor.com\/wp-content\/uploads\/2021\/06\/urun-grace-yatak-odasi-10.jpg 900w, https:\/\/www.zettdekor.com\/wp-content\/uploads\/2021\/06\/urun-grace-yatak-odasi-10-225x300.jpg 225w, https:\/\/www.zettdekor.com\/wp-content\/uploads\/2021\/06\/urun-grace-yatak-odasi-10-768x1024.jpg 768w\" sizes=\"(max-width: 900px) 100vw, 900px\" \/>\t\t\t\t\t\t\t\t\r\n\t\t\t\t\t\t\t\t\t\t\t\t\t\t\t\t\t<\/a>\r\n\t\t\t\t\t\t\t\t\t\t\t\t\t\t\t<\/div>\r\n\t\t\t\t\t\t\t\t\t\t\t\t\t<div class=\"basel-gallery-item\">\r\n\t\t\t\t\t\t\t\t\t\t\t\t\t\t\t\t\t<a href=\"https:\/\/www.zettdekor.com\/wp-content\/uploads\/2021\/06\/urun-grace-yatak-odasi-11.jpg\" data-index=\"12\" data-width=\"956\" data-height=\"1200\"  >\r\n\t\t\t\t\t\t\t\t\t\t\t\t\t\t\t\r\n\t\t\t\t\t\t\t\t\t\t\t\t\t\t\t\t\t<img width=\"956\" height=\"1200\" src=\"https:\/\/www.zettdekor.com\/wp-content\/uploads\/2021\/06\/urun-grace-yatak-odasi-11.jpg\" class=\"basel-gallery-image image-12 attachment-full\" alt=\"\" loading=\"lazy\" srcset=\"https:\/\/www.zettdekor.com\/wp-content\/uploads\/2021\/06\/urun-grace-yatak-odasi-11.jpg 956w, https:\/\/www.zettdekor.com\/wp-content\/uploads\/2021\/06\/urun-grace-yatak-odasi-11-239x300.jpg 239w, https:\/\/www.zettdekor.com\/wp-content\/uploads\/2021\/06\/urun-grace-yatak-odasi-11-768x964.jpg 768w, https:\/\/www.zettdekor.com\/wp-content\/uploads\/2021\/06\/urun-grace-yatak-odasi-11-816x1024.jpg 816w\" sizes=\"(max-width: 956px) 100vw, 956px\" \/>\t\t\t\t\t\t\t\t\r\n\t\t\t\t\t\t\t\t\t\t\t\t\t\t\t\t\t<\/a>\r\n\t\t\t\t\t\t\t\t\t\t\t\t\t\t\t<\/div>\r\n\t\t\t\t\t\t\t\t\t\t\t\t\t\t\t<\/div>\r\n\t\t\t<\/div>\r\n\t\t\t\t\t[\/vc_column][\/vc_row]<\/p>","protected":false},"excerpt":{"rendered":"<p>[vc_row][vc_column][vc_column_text el_class=&#8221;urun_modul_baslik&#8221;] \u00dcr\u00fcn Mod\u00fclleri [\/vc_column_text][vc_raw_html]JTNDZGl2JTIwY2xhc3MlM0QlMjJjdXN0b21fd29vc2IlMjIlM0UlM0MlMkZkaXYlM0U=[\/vc_raw_html][\/vc_column][\/vc_row][vc_row][vc_column][\/vc_column][\/vc_row]<\/p>","protected":false},"featured_media":9455,"template":"","meta":[],"_links":{"self":[{"href":"https:\/\/www.zettdekor.com\/en\/wp-json\/wp\/v2\/product\/9454"}],"collection":[{"href":"https:\/\/www.zettdekor.com\/en\/wp-json\/wp\/v2\/product"}],"about":[{"href":"https:\/\/www.zettdekor.com\/en\/wp-json\/wp\/v2\/types\/product"}],"wp:featuredmedia":[{"embeddable":true,"href":"https:\/\/www.zettdekor.com\/en\/wp-json\/wp\/v2\/media\/9455"}],"wp:attachment":[{"href":"https:\/\/www.zettdekor.com\/en\/wp-json\/wp\/v2\/media?parent=9454"}],"curies":[{"name":"wp","href":"https:\/\/api.w.org\/{rel}","templated":true}]}}