{"id":9260,"date":"2021-06-01T10:33:21","date_gmt":"2021-06-01T07:33:21","guid":{"rendered":"http:\/\/zettdekor.com\/?post_type=product&#038;p=9260"},"modified":"2021-07-16T12:18:32","modified_gmt":"2021-07-16T09:18:32","slug":"woody-yemek-odasi-takimi","status":"publish","type":"product","link":"https:\/\/www.zettdekor.com\/en\/product\/woody-yemek-odasi-takimi\/","title":{"rendered":"Woody"},"content":{"rendered":"<p>[vc_row][vc_column][vc_column_text el_class=&#8221;urun_modul_baslik&#8221;]<\/p>\n<h2 class=\"modul_baslik\" style=\"text-align: center;\">Product Modules<\/h2>\n<p>[\/vc_column_text][vc_raw_html]JTNDZGl2JTIwY2xhc3MlM0QlMjJjdXN0b21fd29vc2IlMjIlM0UlM0MlMkZkaXYlM0U=[\/vc_raw_html][\/vc_column][\/vc_row][vc_row][vc_column]\t\t\t<div id=\"gallery_560\" class=\"basel-images-gallery product_gallery spacing-0 columns-3 view-carousel photoswipe-images\" data-owl-carousel data-wrap=\"yes\" data-autoplay=\"\" data-hide_pagination_control=\"yes\" data-desktop=\"1\" data-desktop_small=\"1\" data-tablet=\"1\" data-mobile=\"1\">\r\n\t\t\t\t<div class=\"gallery-images owl-carousel\">\r\n\t\t\t\t\t\t\t\t\t\t\t\t\t\t\t\t\t\t<div class=\"basel-gallery-item\">\r\n\t\t\t\t\t\t\t\t\t\t\t\t\t\t\t\t\t<a href=\"https:\/\/www.zettdekor.com\/wp-content\/uploads\/2021\/06\/urun-woody-yemek-odasi-takimi-3-1.jpg\" data-index=\"1\" data-width=\"1800\" data-height=\"1200\"  >\r\n\t\t\t\t\t\t\t\t\t\t\t\t\t\t\t\r\n\t\t\t\t\t\t\t\t\t\t\t\t\t\t\t\t\t<img width=\"1800\" height=\"1200\" src=\"https:\/\/www.zettdekor.com\/wp-content\/uploads\/2021\/06\/urun-woody-yemek-odasi-takimi-3-1.jpg\" class=\"basel-gallery-image image-1 attachment-full\" alt=\"\" loading=\"lazy\" srcset=\"https:\/\/www.zettdekor.com\/wp-content\/uploads\/2021\/06\/urun-woody-yemek-odasi-takimi-3-1.jpg 1800w, https:\/\/www.zettdekor.com\/wp-content\/uploads\/2021\/06\/urun-woody-yemek-odasi-takimi-3-1-300x200.jpg 300w, https:\/\/www.zettdekor.com\/wp-content\/uploads\/2021\/06\/urun-woody-yemek-odasi-takimi-3-1-768x512.jpg 768w, https:\/\/www.zettdekor.com\/wp-content\/uploads\/2021\/06\/urun-woody-yemek-odasi-takimi-3-1-1024x683.jpg 1024w, https:\/\/www.zettdekor.com\/wp-content\/uploads\/2021\/06\/urun-woody-yemek-odasi-takimi-3-1-1200x800.jpg 1200w\" sizes=\"(max-width: 1800px) 100vw, 1800px\" \/>\t\t\t\t\t\t\t\t\r\n\t\t\t\t\t\t\t\t\t\t\t\t\t\t\t\t\t<\/a>\r\n\t\t\t\t\t\t\t\t\t\t\t\t\t\t\t<\/div>\r\n\t\t\t\t\t\t\t\t\t\t\t\t\t<div class=\"basel-gallery-item\">\r\n\t\t\t\t\t\t\t\t\t\t\t\t\t\t\t\t\t<a href=\"https:\/\/www.zettdekor.com\/wp-content\/uploads\/2021\/06\/urun-woody-yemek-odasi-takimi-4-1.jpg\" data-index=\"2\" data-width=\"1800\" data-height=\"1200\"  >\r\n\t\t\t\t\t\t\t\t\t\t\t\t\t\t\t\r\n\t\t\t\t\t\t\t\t\t\t\t\t\t\t\t\t\t<img width=\"1800\" height=\"1200\" src=\"https:\/\/www.zettdekor.com\/wp-content\/uploads\/2021\/06\/urun-woody-yemek-odasi-takimi-4-1.jpg\" class=\"basel-gallery-image image-2 attachment-full\" alt=\"\" loading=\"lazy\" srcset=\"https:\/\/www.zettdekor.com\/wp-content\/uploads\/2021\/06\/urun-woody-yemek-odasi-takimi-4-1.jpg 1800w, https:\/\/www.zettdekor.com\/wp-content\/uploads\/2021\/06\/urun-woody-yemek-odasi-takimi-4-1-300x200.jpg 300w, https:\/\/www.zettdekor.com\/wp-content\/uploads\/2021\/06\/urun-woody-yemek-odasi-takimi-4-1-768x512.jpg 768w, https:\/\/www.zettdekor.com\/wp-content\/uploads\/2021\/06\/urun-woody-yemek-odasi-takimi-4-1-1024x683.jpg 1024w, https:\/\/www.zettdekor.com\/wp-content\/uploads\/2021\/06\/urun-woody-yemek-odasi-takimi-4-1-1200x800.jpg 1200w\" sizes=\"(max-width: 1800px) 100vw, 1800px\" \/>\t\t\t\t\t\t\t\t\r\n\t\t\t\t\t\t\t\t\t\t\t\t\t\t\t\t\t<\/a>\r\n\t\t\t\t\t\t\t\t\t\t\t\t\t\t\t<\/div>\r\n\t\t\t\t\t\t\t\t\t\t\t\t\t<div class=\"basel-gallery-item\">\r\n\t\t\t\t\t\t\t\t\t\t\t\t\t\t\t\t\t<a href=\"https:\/\/www.zettdekor.com\/wp-content\/uploads\/2021\/06\/urun-woody-yemek-odasi-takimi-7-1.jpg\" data-index=\"3\" data-width=\"900\" data-height=\"1200\"  >\r\n\t\t\t\t\t\t\t\t\t\t\t\t\t\t\t\r\n\t\t\t\t\t\t\t\t\t\t\t\t\t\t\t\t\t<img width=\"900\" height=\"1200\" src=\"https:\/\/www.zettdekor.com\/wp-content\/uploads\/2021\/06\/urun-woody-yemek-odasi-takimi-7-1.jpg\" class=\"basel-gallery-image image-3 attachment-full\" alt=\"\" loading=\"lazy\" srcset=\"https:\/\/www.zettdekor.com\/wp-content\/uploads\/2021\/06\/urun-woody-yemek-odasi-takimi-7-1.jpg 900w, https:\/\/www.zettdekor.com\/wp-content\/uploads\/2021\/06\/urun-woody-yemek-odasi-takimi-7-1-225x300.jpg 225w, https:\/\/www.zettdekor.com\/wp-content\/uploads\/2021\/06\/urun-woody-yemek-odasi-takimi-7-1-768x1024.jpg 768w\" sizes=\"(max-width: 900px) 100vw, 900px\" \/>\t\t\t\t\t\t\t\t\r\n\t\t\t\t\t\t\t\t\t\t\t\t\t\t\t\t\t<\/a>\r\n\t\t\t\t\t\t\t\t\t\t\t\t\t\t\t<\/div>\r\n\t\t\t\t\t\t\t\t\t\t\t\t\t<div class=\"basel-gallery-item\">\r\n\t\t\t\t\t\t\t\t\t\t\t\t\t\t\t\t\t<a href=\"https:\/\/www.zettdekor.com\/wp-content\/uploads\/2021\/06\/urun-woody-yemek-odasi-takimi-8-1.jpg\" data-index=\"4\" data-width=\"900\" data-height=\"1200\"  >\r\n\t\t\t\t\t\t\t\t\t\t\t\t\t\t\t\r\n\t\t\t\t\t\t\t\t\t\t\t\t\t\t\t\t\t<img width=\"900\" height=\"1200\" src=\"https:\/\/www.zettdekor.com\/wp-content\/uploads\/2021\/06\/urun-woody-yemek-odasi-takimi-8-1.jpg\" class=\"basel-gallery-image image-4 attachment-full\" alt=\"\" loading=\"lazy\" srcset=\"https:\/\/www.zettdekor.com\/wp-content\/uploads\/2021\/06\/urun-woody-yemek-odasi-takimi-8-1.jpg 900w, https:\/\/www.zettdekor.com\/wp-content\/uploads\/2021\/06\/urun-woody-yemek-odasi-takimi-8-1-225x300.jpg 225w, https:\/\/www.zettdekor.com\/wp-content\/uploads\/2021\/06\/urun-woody-yemek-odasi-takimi-8-1-768x1024.jpg 768w\" sizes=\"(max-width: 900px) 100vw, 900px\" \/>\t\t\t\t\t\t\t\t\r\n\t\t\t\t\t\t\t\t\t\t\t\t\t\t\t\t\t<\/a>\r\n\t\t\t\t\t\t\t\t\t\t\t\t\t\t\t<\/div>\r\n\t\t\t\t\t\t\t\t\t\t\t\t\t<div class=\"basel-gallery-item\">\r\n\t\t\t\t\t\t\t\t\t\t\t\t\t\t\t\t\t<a href=\"https:\/\/www.zettdekor.com\/wp-content\/uploads\/2021\/06\/urun-woody-yemek-odasi-takimi-9-1.jpg\" data-index=\"5\" data-width=\"900\" data-height=\"1200\"  >\r\n\t\t\t\t\t\t\t\t\t\t\t\t\t\t\t\r\n\t\t\t\t\t\t\t\t\t\t\t\t\t\t\t\t\t<img width=\"900\" height=\"1200\" src=\"https:\/\/www.zettdekor.com\/wp-content\/uploads\/2021\/06\/urun-woody-yemek-odasi-takimi-9-1.jpg\" class=\"basel-gallery-image image-5 attachment-full\" alt=\"\" loading=\"lazy\" srcset=\"https:\/\/www.zettdekor.com\/wp-content\/uploads\/2021\/06\/urun-woody-yemek-odasi-takimi-9-1.jpg 900w, https:\/\/www.zettdekor.com\/wp-content\/uploads\/2021\/06\/urun-woody-yemek-odasi-takimi-9-1-225x300.jpg 225w, https:\/\/www.zettdekor.com\/wp-content\/uploads\/2021\/06\/urun-woody-yemek-odasi-takimi-9-1-768x1024.jpg 768w\" sizes=\"(max-width: 900px) 100vw, 900px\" \/>\t\t\t\t\t\t\t\t\r\n\t\t\t\t\t\t\t\t\t\t\t\t\t\t\t\t\t<\/a>\r\n\t\t\t\t\t\t\t\t\t\t\t\t\t\t\t<\/div>\r\n\t\t\t\t\t\t\t\t\t\t\t\t\t<div class=\"basel-gallery-item\">\r\n\t\t\t\t\t\t\t\t\t\t\t\t\t\t\t\t\t<a href=\"https:\/\/www.zettdekor.com\/wp-content\/uploads\/2021\/06\/urun-woody-yemek-odasi-takimi-5-1.jpg\" data-index=\"6\" data-width=\"1600\" data-height=\"1200\"  >\r\n\t\t\t\t\t\t\t\t\t\t\t\t\t\t\t\r\n\t\t\t\t\t\t\t\t\t\t\t\t\t\t\t\t\t<img width=\"1600\" height=\"1200\" src=\"https:\/\/www.zettdekor.com\/wp-content\/uploads\/2021\/06\/urun-woody-yemek-odasi-takimi-5-1.jpg\" class=\"basel-gallery-image image-6 attachment-full\" alt=\"\" loading=\"lazy\" srcset=\"https:\/\/www.zettdekor.com\/wp-content\/uploads\/2021\/06\/urun-woody-yemek-odasi-takimi-5-1.jpg 1600w, https:\/\/www.zettdekor.com\/wp-content\/uploads\/2021\/06\/urun-woody-yemek-odasi-takimi-5-1-800x600.jpg 800w, https:\/\/www.zettdekor.com\/wp-content\/uploads\/2021\/06\/urun-woody-yemek-odasi-takimi-5-1-300x225.jpg 300w, https:\/\/www.zettdekor.com\/wp-content\/uploads\/2021\/06\/urun-woody-yemek-odasi-takimi-5-1-768x576.jpg 768w, https:\/\/www.zettdekor.com\/wp-content\/uploads\/2021\/06\/urun-woody-yemek-odasi-takimi-5-1-1024x768.jpg 1024w, https:\/\/www.zettdekor.com\/wp-content\/uploads\/2021\/06\/urun-woody-yemek-odasi-takimi-5-1-1200x900.jpg 1200w\" sizes=\"(max-width: 1600px) 100vw, 1600px\" \/>\t\t\t\t\t\t\t\t\r\n\t\t\t\t\t\t\t\t\t\t\t\t\t\t\t\t\t<\/a>\r\n\t\t\t\t\t\t\t\t\t\t\t\t\t\t\t<\/div>\r\n\t\t\t\t\t\t\t\t\t\t\t\t\t<div class=\"basel-gallery-item\">\r\n\t\t\t\t\t\t\t\t\t\t\t\t\t\t\t\t\t<a href=\"https:\/\/www.zettdekor.com\/wp-content\/uploads\/2021\/06\/urun-woody-yemek-odasi-takimi-6-1.jpg\" data-index=\"7\" data-width=\"1600\" data-height=\"1200\"  >\r\n\t\t\t\t\t\t\t\t\t\t\t\t\t\t\t\r\n\t\t\t\t\t\t\t\t\t\t\t\t\t\t\t\t\t<img width=\"1600\" height=\"1200\" src=\"https:\/\/www.zettdekor.com\/wp-content\/uploads\/2021\/06\/urun-woody-yemek-odasi-takimi-6-1.jpg\" class=\"basel-gallery-image image-7 attachment-full\" alt=\"\" loading=\"lazy\" srcset=\"https:\/\/www.zettdekor.com\/wp-content\/uploads\/2021\/06\/urun-woody-yemek-odasi-takimi-6-1.jpg 1600w, https:\/\/www.zettdekor.com\/wp-content\/uploads\/2021\/06\/urun-woody-yemek-odasi-takimi-6-1-800x600.jpg 800w, https:\/\/www.zettdekor.com\/wp-content\/uploads\/2021\/06\/urun-woody-yemek-odasi-takimi-6-1-300x225.jpg 300w, https:\/\/www.zettdekor.com\/wp-content\/uploads\/2021\/06\/urun-woody-yemek-odasi-takimi-6-1-768x576.jpg 768w, https:\/\/www.zettdekor.com\/wp-content\/uploads\/2021\/06\/urun-woody-yemek-odasi-takimi-6-1-1024x768.jpg 1024w, https:\/\/www.zettdekor.com\/wp-content\/uploads\/2021\/06\/urun-woody-yemek-odasi-takimi-6-1-1200x900.jpg 1200w\" sizes=\"(max-width: 1600px) 100vw, 1600px\" \/>\t\t\t\t\t\t\t\t\r\n\t\t\t\t\t\t\t\t\t\t\t\t\t\t\t\t\t<\/a>\r\n\t\t\t\t\t\t\t\t\t\t\t\t\t\t\t<\/div>\r\n\t\t\t\t\t\t\t\t\t\t\t\t\t<div class=\"basel-gallery-item\">\r\n\t\t\t\t\t\t\t\t\t\t\t\t\t\t\t\t\t<a href=\"https:\/\/www.zettdekor.com\/wp-content\/uploads\/2021\/06\/urun-woody-yemek-odasi-takimi-10-1.jpg\" data-index=\"8\" data-width=\"1600\" data-height=\"1200\"  >\r\n\t\t\t\t\t\t\t\t\t\t\t\t\t\t\t\r\n\t\t\t\t\t\t\t\t\t\t\t\t\t\t\t\t\t<img width=\"1600\" height=\"1200\" src=\"https:\/\/www.zettdekor.com\/wp-content\/uploads\/2021\/06\/urun-woody-yemek-odasi-takimi-10-1.jpg\" class=\"basel-gallery-image image-8 attachment-full\" alt=\"\" loading=\"lazy\" srcset=\"https:\/\/www.zettdekor.com\/wp-content\/uploads\/2021\/06\/urun-woody-yemek-odasi-takimi-10-1.jpg 1600w, https:\/\/www.zettdekor.com\/wp-content\/uploads\/2021\/06\/urun-woody-yemek-odasi-takimi-10-1-800x600.jpg 800w, https:\/\/www.zettdekor.com\/wp-content\/uploads\/2021\/06\/urun-woody-yemek-odasi-takimi-10-1-300x225.jpg 300w, https:\/\/www.zettdekor.com\/wp-content\/uploads\/2021\/06\/urun-woody-yemek-odasi-takimi-10-1-768x576.jpg 768w, https:\/\/www.zettdekor.com\/wp-content\/uploads\/2021\/06\/urun-woody-yemek-odasi-takimi-10-1-1024x768.jpg 1024w, https:\/\/www.zettdekor.com\/wp-content\/uploads\/2021\/06\/urun-woody-yemek-odasi-takimi-10-1-1200x900.jpg 1200w\" sizes=\"(max-width: 1600px) 100vw, 1600px\" \/>\t\t\t\t\t\t\t\t\r\n\t\t\t\t\t\t\t\t\t\t\t\t\t\t\t\t\t<\/a>\r\n\t\t\t\t\t\t\t\t\t\t\t\t\t\t\t<\/div>\r\n\t\t\t\t\t\t\t\t\t\t\t\t\t<div class=\"basel-gallery-item\">\r\n\t\t\t\t\t\t\t\t\t\t\t\t\t\t\t\t\t<a href=\"https:\/\/www.zettdekor.com\/wp-content\/uploads\/2021\/06\/urun-woody-yemek-odasi-takimi-1-1.jpg\" data-index=\"9\" data-width=\"1600\" data-height=\"1200\"  >\r\n\t\t\t\t\t\t\t\t\t\t\t\t\t\t\t\r\n\t\t\t\t\t\t\t\t\t\t\t\t\t\t\t\t\t<img width=\"1600\" height=\"1200\" src=\"https:\/\/www.zettdekor.com\/wp-content\/uploads\/2021\/06\/urun-woody-yemek-odasi-takimi-1-1.jpg\" class=\"basel-gallery-image image-9 attachment-full\" alt=\"\" loading=\"lazy\" srcset=\"https:\/\/www.zettdekor.com\/wp-content\/uploads\/2021\/06\/urun-woody-yemek-odasi-takimi-1-1.jpg 1600w, https:\/\/www.zettdekor.com\/wp-content\/uploads\/2021\/06\/urun-woody-yemek-odasi-takimi-1-1-800x600.jpg 800w, https:\/\/www.zettdekor.com\/wp-content\/uploads\/2021\/06\/urun-woody-yemek-odasi-takimi-1-1-300x225.jpg 300w, https:\/\/www.zettdekor.com\/wp-content\/uploads\/2021\/06\/urun-woody-yemek-odasi-takimi-1-1-768x576.jpg 768w, https:\/\/www.zettdekor.com\/wp-content\/uploads\/2021\/06\/urun-woody-yemek-odasi-takimi-1-1-1024x768.jpg 1024w, https:\/\/www.zettdekor.com\/wp-content\/uploads\/2021\/06\/urun-woody-yemek-odasi-takimi-1-1-1200x900.jpg 1200w\" sizes=\"(max-width: 1600px) 100vw, 1600px\" \/>\t\t\t\t\t\t\t\t\r\n\t\t\t\t\t\t\t\t\t\t\t\t\t\t\t\t\t<\/a>\r\n\t\t\t\t\t\t\t\t\t\t\t\t\t\t\t<\/div>\r\n\t\t\t\t\t\t\t\t\t\t\t\t\t\t\t<\/div>\r\n\t\t\t<\/div>\r\n\t\t\t\t\t[\/vc_column][\/vc_row]<\/p>","protected":false},"excerpt":{"rendered":"<p>[vc_row][vc_column][vc_column_text el_class=&#8221;urun_modul_baslik&#8221;] \u00dcr\u00fcn Mod\u00fclleri [\/vc_column_text][vc_raw_html]JTNDZGl2JTIwY2xhc3MlM0QlMjJjdXN0b21fd29vc2IlMjIlM0UlM0MlMkZkaXYlM0U=[\/vc_raw_html][\/vc_column][\/vc_row][vc_row][vc_column][\/vc_column][\/vc_row]<\/p>","protected":false},"featured_media":9261,"template":"","meta":[],"_links":{"self":[{"href":"https:\/\/www.zettdekor.com\/en\/wp-json\/wp\/v2\/product\/9260"}],"collection":[{"href":"https:\/\/www.zettdekor.com\/en\/wp-json\/wp\/v2\/product"}],"about":[{"href":"https:\/\/www.zettdekor.com\/en\/wp-json\/wp\/v2\/types\/product"}],"wp:featuredmedia":[{"embeddable":true,"href":"https:\/\/www.zettdekor.com\/en\/wp-json\/wp\/v2\/media\/9261"}],"wp:attachment":[{"href":"https:\/\/www.zettdekor.com\/en\/wp-json\/wp\/v2\/media?parent=9260"}],"curies":[{"name":"wp","href":"https:\/\/api.w.org\/{rel}","templated":true}]}}