{"id":2010,"date":"2020-01-19T16:00:00","date_gmt":"2020-01-19T13:00:00","guid":{"rendered":"http:\/\/zettdekor.com\/urun\/rozzo-yemek-odasi-takimi\/"},"modified":"2020-01-20T12:22:21","modified_gmt":"2020-01-20T09:22:21","slug":"rozzo-yemek-odasi-takimi","status":"publish","type":"product","link":"https:\/\/www.zettdekor.com\/en\/product\/rozzo-yemek-odasi-takimi\/","title":{"rendered":"Rozzo"},"content":{"rendered":"<p>[vc_row][vc_column][vc_column_text el_class=&#8221;urun_modul_baslik&#8221;]<\/p>\n<h2 class=\"modul_baslik\" style=\"text-align: center;\">Product Modules<\/h2>\n<p>[\/vc_column_text][vc_raw_html]JTNDZGl2JTIwY2xhc3MlM0QlMjJjdXN0b21fd29vc2IlMjIlM0UlM0MlMkZkaXYlM0U=[\/vc_raw_html][\/vc_column][\/vc_row][vc_row][vc_column]\t\t\t<div id=\"gallery_649\" class=\"basel-images-gallery product_gallery spacing-0 columns-3 view-carousel photoswipe-images\" data-owl-carousel data-wrap=\"yes\" data-autoplay=\"\" data-hide_pagination_control=\"yes\" data-desktop=\"1\" data-desktop_small=\"1\" data-tablet=\"1\" data-mobile=\"1\">\r\n\t\t\t\t<div class=\"gallery-images owl-carousel\">\r\n\t\t\t\t\t\t\t\t\t\t\t\t\t\t\t\t\t\t<div class=\"basel-gallery-item\">\r\n\t\t\t\t\t\t\t\t\t\t\t\t\t\t\t\t\t<a href=\"\" data-index=\"1\" data-width=\"\" data-height=\"\"  >\r\n\t\t\t\t\t\t\t\t\t\t\t\t\t\t\t\r\n\t\t\t\t\t\t\t\t\r\n\t\t\t\t\t\t\t\t\t\t\t\t\t\t\t\t\t<\/a>\r\n\t\t\t\t\t\t\t\t\t\t\t\t\t\t\t<\/div>\r\n\t\t\t\t\t\t\t\t\t\t\t\t\t\t\t<\/div>\r\n\t\t\t<\/div>\r\n\t\t\t\t\t[\/vc_column][\/vc_row]<\/p>","protected":false},"excerpt":{"rendered":"<p>Rozzo, a blend of the breeze of the past and the sense of style of the present without sticking to any time period, gets its original design from the coating of its raw material, imposing ash tree, with a special oil in the color of ash. Rozzo,<br \/>\nRozzo, ah\u015fap ve metalin birle\u015fmesiyle ortaya \u00e7\u0131kan ahenk ile odan\u0131z\u0131n havas\u0131na s\u0131cakl\u0131k katacak ve zerafetiyle evinizin y\u0131ld\u0131z\u0131 olacak.<\/p>","protected":false},"featured_media":2008,"template":"","meta":[],"_links":{"self":[{"href":"https:\/\/www.zettdekor.com\/en\/wp-json\/wp\/v2\/product\/2010"}],"collection":[{"href":"https:\/\/www.zettdekor.com\/en\/wp-json\/wp\/v2\/product"}],"about":[{"href":"https:\/\/www.zettdekor.com\/en\/wp-json\/wp\/v2\/types\/product"}],"wp:featuredmedia":[{"embeddable":true,"href":"https:\/\/www.zettdekor.com\/en\/wp-json\/wp\/v2\/media\/2008"}],"wp:attachment":[{"href":"https:\/\/www.zettdekor.com\/en\/wp-json\/wp\/v2\/media?parent=2010"}],"curies":[{"name":"wp","href":"https:\/\/api.w.org\/{rel}","templated":true}]}}