{"id":1972,"date":"2020-01-19T15:59:28","date_gmt":"2020-01-19T12:59:28","guid":{"rendered":"http:\/\/zettdekor.com\/urun\/cell-yemek-odasi-takimi\/"},"modified":"2021-03-30T17:56:59","modified_gmt":"2021-03-30T14:56:59","slug":"cell-yemek-odasi-takimi","status":"publish","type":"product","link":"https:\/\/www.zettdekor.com\/en\/product\/cell-yemek-odasi-takimi\/","title":{"rendered":"Cell"},"content":{"rendered":"<p>[vc_row][vc_column][vc_column_text el_class=&#8221;urun_modul_baslik&#8221;]<\/p>\n<h2 class=\"modul_baslik\" style=\"text-align: center;\">Product Modules<\/h2>\n<p>[\/vc_column_text][vc_raw_html]JTNDZGl2JTIwY2xhc3MlM0QlMjJjdXN0b21fd29vc2IlMjIlM0UlM0MlMkZkaXYlM0U=[\/vc_raw_html][\/vc_column][\/vc_row][vc_row][vc_column]\t\t\t<div id=\"gallery_635\" class=\"basel-images-gallery product_gallery spacing-0 columns-3 view-carousel photoswipe-images\" data-owl-carousel data-wrap=\"yes\" data-autoplay=\"\" data-hide_pagination_control=\"yes\" data-desktop=\"1\" data-desktop_small=\"1\" data-tablet=\"1\" data-mobile=\"1\">\r\n\t\t\t\t<div class=\"gallery-images owl-carousel\">\r\n\t\t\t\t\t\t\t\t\t\t\t\t\t\t\t\t\t\t<div class=\"basel-gallery-item\">\r\n\t\t\t\t\t\t\t\t\t\t\t\t\t\t\t\t\t<a href=\"https:\/\/www.zettdekor.com\/en\/wp-content\/uploads\/2020\/01\/urun-cell-yemek-odasi-takimi-02-1.jpg\/\" data-index=\"1\" data-width=\"\" data-height=\"\"  >\r\n\t\t\t\t\t\t\t\t\t\t\t\t\t\t\t\r\n\t\t\t\t\t\t\t\t\t\t\t\t\t\t\t\t\t<img width=\"1833\" height=\"1200\" src=\"https:\/\/www.zettdekor.com\/wp-content\/uploads\/2020\/01\/urun-cell-yemek-odasi-takimi-02-1.jpg\" class=\"basel-gallery-image image-1 attachment-full\" alt=\"\" loading=\"lazy\" srcset=\"https:\/\/www.zettdekor.com\/wp-content\/uploads\/2020\/01\/urun-cell-yemek-odasi-takimi-02-1.jpg 1833w, https:\/\/www.zettdekor.com\/wp-content\/uploads\/2020\/01\/urun-cell-yemek-odasi-takimi-02-1-300x196.jpg 300w, https:\/\/www.zettdekor.com\/wp-content\/uploads\/2020\/01\/urun-cell-yemek-odasi-takimi-02-1-768x503.jpg 768w, https:\/\/www.zettdekor.com\/wp-content\/uploads\/2020\/01\/urun-cell-yemek-odasi-takimi-02-1-1024x670.jpg 1024w, https:\/\/www.zettdekor.com\/wp-content\/uploads\/2020\/01\/urun-cell-yemek-odasi-takimi-02-1-1200x786.jpg 1200w\" sizes=\"(max-width: 1833px) 100vw, 1833px\" \/>\t\t\t\t\t\t\t\t\r\n\t\t\t\t\t\t\t\t\t\t\t\t\t\t\t\t\t<\/a>\r\n\t\t\t\t\t\t\t\t\t\t\t\t\t\t\t<\/div>\r\n\t\t\t\t\t\t\t\t\t\t\t\t\t\t\t<\/div>\r\n\t\t\t<\/div>\r\n\t\t\t\t\t[\/vc_column][\/vc_row]<\/p>","protected":false},"excerpt":{"rendered":"<p>Everything you expect from a dining room and more are in Cell. Your mind will be blown by its table, which revolves around itself and can be extended. Everything you expect from a dining room and more are in Cell.<\/p>\n<p>Ceviz ve ekru lake detaylar\u0131 sayesinde istedi\u011finiz her tak\u0131ma entegre edebilece\u011finiz cell masa, yemek odan\u0131z\u0131n \u015fekline ve b\u00fcy\u00fckl\u00fc\u011f\u00fcne g\u00f6re d\u00f6nebiliyor ve 80cm uzayabiliyor.<\/p>","protected":false},"featured_media":1970,"template":"","meta":[],"_links":{"self":[{"href":"https:\/\/www.zettdekor.com\/en\/wp-json\/wp\/v2\/product\/1972"}],"collection":[{"href":"https:\/\/www.zettdekor.com\/en\/wp-json\/wp\/v2\/product"}],"about":[{"href":"https:\/\/www.zettdekor.com\/en\/wp-json\/wp\/v2\/types\/product"}],"wp:featuredmedia":[{"embeddable":true,"href":"https:\/\/www.zettdekor.com\/en\/wp-json\/wp\/v2\/media\/1970"}],"wp:attachment":[{"href":"https:\/\/www.zettdekor.com\/en\/wp-json\/wp\/v2\/media?parent=1972"}],"curies":[{"name":"wp","href":"https:\/\/api.w.org\/{rel}","templated":true}]}}