{"id":1875,"date":"2020-01-19T15:57:50","date_gmt":"2020-01-19T12:57:50","guid":{"rendered":"http:\/\/zettdekor.com\/urun\/ally-camasirlik\/"},"modified":"2020-11-19T09:12:25","modified_gmt":"2020-11-19T06:12:25","slug":"ally-camasirlik","status":"publish","type":"product","link":"https:\/\/www.zettdekor.com\/en\/product\/ally-camasirlik\/","title":{"rendered":"Ally \u00c7amas\u0131rl\u0131k"},"content":{"rendered":"","protected":false},"excerpt":{"rendered":"","protected":false},"featured_media":1874,"template":"","meta":[],"_links":{"self":[{"href":"https:\/\/www.zettdekor.com\/en\/wp-json\/wp\/v2\/product\/1875"}],"collection":[{"href":"https:\/\/www.zettdekor.com\/en\/wp-json\/wp\/v2\/product"}],"about":[{"href":"https:\/\/www.zettdekor.com\/en\/wp-json\/wp\/v2\/types\/product"}],"wp:featuredmedia":[{"embeddable":true,"href":"https:\/\/www.zettdekor.com\/en\/wp-json\/wp\/v2\/media\/1874"}],"wp:attachment":[{"href":"https:\/\/www.zettdekor.com\/en\/wp-json\/wp\/v2\/media?parent=1875"}],"curies":[{"name":"wp","href":"https:\/\/api.w.org\/{rel}","templated":true}]}}