{"id":1731,"date":"2020-01-19T15:55:17","date_gmt":"2020-01-19T12:55:17","guid":{"rendered":"http:\/\/zettdekor.com\/urun\/mood-koltuk-takimi\/"},"modified":"2021-06-02T09:51:54","modified_gmt":"2021-06-02T06:51:54","slug":"mood-koltuk-takimi","status":"publish","type":"product","link":"https:\/\/www.zettdekor.com\/en\/product\/mood-koltuk-takimi\/","title":{"rendered":"Mood"},"content":{"rendered":"<p>[vc_row][vc_column][vc_column_text el_class=&#8221;urun_modul_baslik&#8221;]<\/p>\n<h2 class=\"modul_baslik\" style=\"text-align: center;\">Product Modules<\/h2>\n<p>[\/vc_column_text][vc_raw_html]JTNDZGl2JTIwY2xhc3MlM0QlMjJjdXN0b21fd29vc2IlMjIlM0UlM0MlMkZkaXYlM0U=[\/vc_raw_html][\/vc_column][\/vc_row][vc_row][vc_column]\t\t\t<div id=\"gallery_332\" class=\"basel-images-gallery product_gallery spacing-0 columns-3 view-carousel photoswipe-images\" data-owl-carousel data-wrap=\"yes\" data-autoplay=\"\" data-hide_pagination_control=\"yes\" data-desktop=\"1\" data-desktop_small=\"1\" data-tablet=\"1\" data-mobile=\"1\">\r\n\t\t\t\t<div class=\"gallery-images owl-carousel\">\r\n\t\t\t\t\t\t\t\t\t\t\t\t\t\t\t\t\t\t<div class=\"basel-gallery-item\">\r\n\t\t\t\t\t\t\t\t\t\t\t\t\t\t\t\t\t<a href=\"https:\/\/www.zettdekor.com\/en\/wp-content\/uploads\/2020\/01\/mood-koltuk-tak\u0131m\u01311.jpg\/\" data-index=\"1\" data-width=\"\" data-height=\"\"  >\r\n\t\t\t\t\t\t\t\t\t\t\t\t\t\t\t\r\n\t\t\t\t\t\t\t\t\t\t\t\t\t\t\t\t\t<img width=\"900\" height=\"1200\" src=\"https:\/\/www.zettdekor.com\/wp-content\/uploads\/2020\/01\/mood-koltuk-tak\u0131m\u01311.jpg\" class=\"basel-gallery-image image-1 attachment-full\" alt=\"\" loading=\"lazy\" srcset=\"https:\/\/www.zettdekor.com\/wp-content\/uploads\/2020\/01\/mood-koltuk-tak\u0131m\u01311.jpg 900w, https:\/\/www.zettdekor.com\/wp-content\/uploads\/2020\/01\/mood-koltuk-tak\u0131m\u01311-225x300.jpg 225w, https:\/\/www.zettdekor.com\/wp-content\/uploads\/2020\/01\/mood-koltuk-tak\u0131m\u01311-768x1024.jpg 768w\" sizes=\"(max-width: 900px) 100vw, 900px\" \/>\t\t\t\t\t\t\t\t\r\n\t\t\t\t\t\t\t\t\t\t\t\t\t\t\t\t\t<\/a>\r\n\t\t\t\t\t\t\t\t\t\t\t\t\t\t\t<\/div>\r\n\t\t\t\t\t\t\t\t\t\t\t\t\t<div class=\"basel-gallery-item\">\r\n\t\t\t\t\t\t\t\t\t\t\t\t\t\t\t\t\t<a href=\"https:\/\/www.zettdekor.com\/wp-content\/uploads\/2020\/01\/mood-koltuk-takimi-4.jpg\" data-index=\"2\" data-width=\"1628\" data-height=\"1200\"  >\r\n\t\t\t\t\t\t\t\t\t\t\t\t\t\t\t\r\n\t\t\t\t\t\t\t\t\t\t\t\t\t\t\t\t\t<img width=\"1628\" height=\"1200\" src=\"https:\/\/www.zettdekor.com\/wp-content\/uploads\/2020\/01\/mood-koltuk-takimi-4.jpg\" class=\"basel-gallery-image image-2 attachment-full\" alt=\"\" loading=\"lazy\" srcset=\"https:\/\/www.zettdekor.com\/wp-content\/uploads\/2020\/01\/mood-koltuk-takimi-4.jpg 1628w, https:\/\/www.zettdekor.com\/wp-content\/uploads\/2020\/01\/mood-koltuk-takimi-4-300x221.jpg 300w, https:\/\/www.zettdekor.com\/wp-content\/uploads\/2020\/01\/mood-koltuk-takimi-4-768x566.jpg 768w, https:\/\/www.zettdekor.com\/wp-content\/uploads\/2020\/01\/mood-koltuk-takimi-4-1024x755.jpg 1024w, https:\/\/www.zettdekor.com\/wp-content\/uploads\/2020\/01\/mood-koltuk-takimi-4-1200x885.jpg 1200w\" sizes=\"(max-width: 1628px) 100vw, 1628px\" \/>\t\t\t\t\t\t\t\t\r\n\t\t\t\t\t\t\t\t\t\t\t\t\t\t\t\t\t<\/a>\r\n\t\t\t\t\t\t\t\t\t\t\t\t\t\t\t<\/div>\r\n\t\t\t\t\t\t\t\t\t\t\t\t\t<div class=\"basel-gallery-item\">\r\n\t\t\t\t\t\t\t\t\t\t\t\t\t\t\t\t\t<a href=\"https:\/\/www.zettdekor.com\/wp-content\/uploads\/2020\/01\/mood-koltuk-takimi-2.jpg\" data-index=\"3\" data-width=\"900\" data-height=\"1200\"  >\r\n\t\t\t\t\t\t\t\t\t\t\t\t\t\t\t\r\n\t\t\t\t\t\t\t\t\t\t\t\t\t\t\t\t\t<img width=\"900\" height=\"1200\" src=\"https:\/\/www.zettdekor.com\/wp-content\/uploads\/2020\/01\/mood-koltuk-takimi-2.jpg\" class=\"basel-gallery-image image-3 attachment-full\" alt=\"\" loading=\"lazy\" srcset=\"https:\/\/www.zettdekor.com\/wp-content\/uploads\/2020\/01\/mood-koltuk-takimi-2.jpg 900w, https:\/\/www.zettdekor.com\/wp-content\/uploads\/2020\/01\/mood-koltuk-takimi-2-225x300.jpg 225w, https:\/\/www.zettdekor.com\/wp-content\/uploads\/2020\/01\/mood-koltuk-takimi-2-768x1024.jpg 768w\" sizes=\"(max-width: 900px) 100vw, 900px\" \/>\t\t\t\t\t\t\t\t\r\n\t\t\t\t\t\t\t\t\t\t\t\t\t\t\t\t\t<\/a>\r\n\t\t\t\t\t\t\t\t\t\t\t\t\t\t\t<\/div>\r\n\t\t\t\t\t\t\t\t\t\t\t\t\t<div class=\"basel-gallery-item\">\r\n\t\t\t\t\t\t\t\t\t\t\t\t\t\t\t\t\t<a href=\"https:\/\/www.zettdekor.com\/wp-content\/uploads\/2020\/01\/mood-koltuk-takimi-3.jpg\" data-index=\"4\" data-width=\"1600\" data-height=\"1200\"  >\r\n\t\t\t\t\t\t\t\t\t\t\t\t\t\t\t\r\n\t\t\t\t\t\t\t\t\t\t\t\t\t\t\t\t\t<img width=\"1600\" height=\"1200\" src=\"https:\/\/www.zettdekor.com\/wp-content\/uploads\/2020\/01\/mood-koltuk-takimi-3.jpg\" class=\"basel-gallery-image image-4 attachment-full\" alt=\"\" loading=\"lazy\" srcset=\"https:\/\/www.zettdekor.com\/wp-content\/uploads\/2020\/01\/mood-koltuk-takimi-3.jpg 1600w, https:\/\/www.zettdekor.com\/wp-content\/uploads\/2020\/01\/mood-koltuk-takimi-3-300x225.jpg 300w, https:\/\/www.zettdekor.com\/wp-content\/uploads\/2020\/01\/mood-koltuk-takimi-3-768x576.jpg 768w, https:\/\/www.zettdekor.com\/wp-content\/uploads\/2020\/01\/mood-koltuk-takimi-3-1024x768.jpg 1024w, https:\/\/www.zettdekor.com\/wp-content\/uploads\/2020\/01\/mood-koltuk-takimi-3-800x600.jpg 800w, https:\/\/www.zettdekor.com\/wp-content\/uploads\/2020\/01\/mood-koltuk-takimi-3-1200x900.jpg 1200w\" sizes=\"(max-width: 1600px) 100vw, 1600px\" \/>\t\t\t\t\t\t\t\t\r\n\t\t\t\t\t\t\t\t\t\t\t\t\t\t\t\t\t<\/a>\r\n\t\t\t\t\t\t\t\t\t\t\t\t\t\t\t<\/div>\r\n\t\t\t\t\t\t\t\t\t\t\t\t\t\t\t<\/div>\r\n\t\t\t<\/div>\r\n\t\t\t\t\t[\/vc_column][\/vc_row]<\/p>","protected":false},"excerpt":{"rendered":"<p>YOU ARE IN TODAY?<br \/>\nWHICH \"MOOD\"<\/p>\n<p>Are you in the mood for diving into your big, comfortable Mood and watching your favorite show? Or, are you in real working mood tonight, holding your computer... or maybe calling your friends and enjoying a crowded evening?\nNo matter what mood you're in, Mood suits you thanks to its comfort-filled design, stylish cushions and elegant appearance.\"<br \/>\nHangi modda olursan ol Mood, konfor dolu tasar\u0131m\u0131,\u015f\u0131k k\u0131rlentleri ve zarif g\u00f6r\u00fcn\u00fcm\u00fc sayesinde sana uyum sa\u011flar.<\/p>","protected":false},"featured_media":9614,"template":"","meta":[],"_links":{"self":[{"href":"https:\/\/www.zettdekor.com\/en\/wp-json\/wp\/v2\/product\/1731"}],"collection":[{"href":"https:\/\/www.zettdekor.com\/en\/wp-json\/wp\/v2\/product"}],"about":[{"href":"https:\/\/www.zettdekor.com\/en\/wp-json\/wp\/v2\/types\/product"}],"wp:featuredmedia":[{"embeddable":true,"href":"https:\/\/www.zettdekor.com\/en\/wp-json\/wp\/v2\/media\/9614"}],"wp:attachment":[{"href":"https:\/\/www.zettdekor.com\/en\/wp-json\/wp\/v2\/media?parent=1731"}],"curies":[{"name":"wp","href":"https:\/\/api.w.org\/{rel}","templated":true}]}}