{"id":1703,"date":"2020-01-19T15:54:43","date_gmt":"2020-01-19T12:54:43","guid":{"rendered":"http:\/\/zettdekor.com\/urun\/bone-koltuk-takimi\/"},"modified":"2020-01-19T20:30:18","modified_gmt":"2020-01-19T17:30:18","slug":"bone-koltuk-takimi","status":"publish","type":"product","link":"https:\/\/www.zettdekor.com\/en\/product\/bone-koltuk-takimi\/","title":{"rendered":"Bone"},"content":{"rendered":"<p>[vc_row][vc_column][vc_column_text el_class=&#8221;urun_modul_baslik&#8221;]<\/p>\n<h2 class=\"modul_baslik\" style=\"text-align: center;\">Product Modules<\/h2>\n<p>[\/vc_column_text][vc_raw_html]JTNDZGl2JTIwY2xhc3MlM0QlMjJjdXN0b21fd29vc2IlMjIlM0UlM0MlMkZkaXYlM0U=[\/vc_raw_html][\/vc_column][\/vc_row][vc_row][vc_column]\t\t\t<div id=\"gallery_404\" class=\"basel-images-gallery product_gallery spacing-0 columns-3 view-carousel photoswipe-images\" data-owl-carousel data-wrap=\"yes\" data-autoplay=\"\" data-hide_pagination_control=\"yes\" data-desktop=\"1\" data-desktop_small=\"1\" data-tablet=\"1\" data-mobile=\"1\">\r\n\t\t\t\t<div class=\"gallery-images owl-carousel\">\r\n\t\t\t\t\t\t\t\t\t\t\t\t\t\t\t\t\t\t<div class=\"basel-gallery-item\">\r\n\t\t\t\t\t\t\t\t\t\t\t\t\t\t\t\t\t<a href=\"https:\/\/www.zettdekor.com\/wp-content\/uploads\/2020\/01\/urun-bone-koltuk-takimi-01.jpg\" data-index=\"1\" data-width=\"1781\" data-height=\"1200\"  >\r\n\t\t\t\t\t\t\t\t\t\t\t\t\t\t\t\r\n\t\t\t\t\t\t\t\t\t\t\t\t\t\t\t\t\t<img width=\"1781\" height=\"1200\" src=\"https:\/\/www.zettdekor.com\/wp-content\/uploads\/2020\/01\/urun-bone-koltuk-takimi-01.jpg\" class=\"basel-gallery-image image-1 attachment-full\" alt=\"\" loading=\"lazy\" srcset=\"https:\/\/www.zettdekor.com\/wp-content\/uploads\/2020\/01\/urun-bone-koltuk-takimi-01.jpg 1781w, https:\/\/www.zettdekor.com\/wp-content\/uploads\/2020\/01\/urun-bone-koltuk-takimi-01-1200x809.jpg 1200w, https:\/\/www.zettdekor.com\/wp-content\/uploads\/2020\/01\/urun-bone-koltuk-takimi-01-300x202.jpg 300w, https:\/\/www.zettdekor.com\/wp-content\/uploads\/2020\/01\/urun-bone-koltuk-takimi-01-768x517.jpg 768w, https:\/\/www.zettdekor.com\/wp-content\/uploads\/2020\/01\/urun-bone-koltuk-takimi-01-1024x690.jpg 1024w\" sizes=\"(max-width: 1781px) 100vw, 1781px\" \/>\t\t\t\t\t\t\t\t\r\n\t\t\t\t\t\t\t\t\t\t\t\t\t\t\t\t\t<\/a>\r\n\t\t\t\t\t\t\t\t\t\t\t\t\t\t\t<\/div>\r\n\t\t\t\t\t\t\t\t\t\t\t\t\t\t\t<\/div>\r\n\t\t\t<\/div>\r\n\t\t\t\t\t[\/vc_column][\/vc_row]<\/p>","protected":false},"excerpt":{"rendered":"<p>[vc_row][vc_column][vc_column_text el_class=&#8221;urun_modul_baslik&#8221;] \u00dcr\u00fcn Mod\u00fclleri [\/vc_column_text][vc_raw_html]JTNDZGl2JTIwY2xhc3MlM0QlMjJjdXN0b21fd29vc2IlMjIlM0UlM0MlMkZkaXYlM0U=[\/vc_raw_html][\/vc_column][\/vc_row][vc_row][vc_column][\/vc_column][\/vc_row]<\/p>","protected":false},"featured_media":1702,"template":"","meta":[],"_links":{"self":[{"href":"https:\/\/www.zettdekor.com\/en\/wp-json\/wp\/v2\/product\/1703"}],"collection":[{"href":"https:\/\/www.zettdekor.com\/en\/wp-json\/wp\/v2\/product"}],"about":[{"href":"https:\/\/www.zettdekor.com\/en\/wp-json\/wp\/v2\/types\/product"}],"wp:featuredmedia":[{"embeddable":true,"href":"https:\/\/www.zettdekor.com\/en\/wp-json\/wp\/v2\/media\/1702"}],"wp:attachment":[{"href":"https:\/\/www.zettdekor.com\/en\/wp-json\/wp\/v2\/media?parent=1703"}],"curies":[{"name":"wp","href":"https:\/\/api.w.org\/{rel}","templated":true}]}}