{"id":1556,"date":"2020-01-19T15:52:10","date_gmt":"2020-01-19T12:52:10","guid":{"rendered":"http:\/\/zettdekor.com\/urun\/acik-giyinme-odasi-dolap-moduli\/"},"modified":"2022-01-09T22:27:19","modified_gmt":"2022-01-09T19:27:19","slug":"acik-giyinme-odasi-dolap-moduli","status":"publish","type":"product","link":"https:\/\/www.zettdekor.com\/en\/product\/acik-giyinme-odasi-dolap-moduli\/","title":{"rendered":"A\u00e7\u0131k Giyinme Odas\u0131 Dolap Mod\u00fcl\u00fc"},"content":{"rendered":"","protected":false},"excerpt":{"rendered":"","protected":false},"featured_media":24488,"template":"","meta":[],"_links":{"self":[{"href":"https:\/\/www.zettdekor.com\/en\/wp-json\/wp\/v2\/product\/1556"}],"collection":[{"href":"https:\/\/www.zettdekor.com\/en\/wp-json\/wp\/v2\/product"}],"about":[{"href":"https:\/\/www.zettdekor.com\/en\/wp-json\/wp\/v2\/types\/product"}],"wp:featuredmedia":[{"embeddable":true,"href":"https:\/\/www.zettdekor.com\/en\/wp-json\/wp\/v2\/media\/24488"}],"wp:attachment":[{"href":"https:\/\/www.zettdekor.com\/en\/wp-json\/wp\/v2\/media?parent=1556"}],"curies":[{"name":"wp","href":"https:\/\/api.w.org\/{rel}","templated":true}]}}