{"id":9368,"date":"2021-06-01T14:04:20","date_gmt":"2021-06-01T11:04:20","guid":{"rendered":"http:\/\/zettdekor.com\/?post_type=product&#038;p=9368"},"modified":"2021-07-16T12:17:56","modified_gmt":"2021-07-16T09:17:56","slug":"elis-yemek-odasi-takimi","status":"publish","type":"product","link":"http:\/\/www.zettdekor.com\/uz\/product\/elis-yemek-odasi-takimi\/","title":{"rendered":"Elis"},"content":{"rendered":"<p>[vc_row][vc_column][vc_column_text el_class=&#8221;urun_modul_baslik&#8221;]<\/p>\n<h2 class=\"modul_baslik\" style=\"text-align: center;\">Mahsulot modullari<\/h2>\n<p>[\/vc_column_text][vc_raw_html]JTNDZGl2JTIwY2xhc3MlM0QlMjJjdXN0b21fd29vc2IlMjIlM0UlM0MlMkZkaXYlM0U=[\/vc_raw_html][\/vc_column][\/vc_row][vc_row][vc_column]\t\t\t<div id=\"gallery_580\" class=\"basel-images-gallery product_gallery spacing-0 columns-3 view-carousel photoswipe-images\" data-owl-carousel data-wrap=\"yes\" data-autoplay=\"\" data-hide_pagination_control=\"yes\" data-desktop=\"1\" data-desktop_small=\"1\" data-tablet=\"1\" data-mobile=\"1\">\r\n\t\t\t\t<div class=\"gallery-images owl-carousel\">\r\n\t\t\t\t\t\t\t\t\t\t\t\t\t\t\t\t\t\t<div class=\"basel-gallery-item\">\r\n\t\t\t\t\t\t\t\t\t\t\t\t\t\t\t\t\t<a href=\"https:\/\/www.zettdekor.com\/uz\/wp-content\/uploads\/2021\/06\/urun-elis-yemek-odasi-takimi-4.jpg\/\" data-index=\"1\" data-width=\"1600\" data-height=\"1200\"  >\r\n\t\t\t\t\t\t\t\t\t\t\t\t\t\t\t\r\n\t\t\t\t\t\t\t\t\t\t\t\t\t\t\t\t\t<img width=\"1600\" height=\"1200\" src=\"https:\/\/www.zettdekor.com\/wp-content\/uploads\/2021\/06\/urun-elis-yemek-odasi-takimi-4.jpg\" class=\"basel-gallery-image image-1 attachment-full\" alt=\"\" loading=\"lazy\" srcset=\"https:\/\/www.zettdekor.com\/wp-content\/uploads\/2021\/06\/urun-elis-yemek-odasi-takimi-4.jpg 1600w, https:\/\/www.zettdekor.com\/wp-content\/uploads\/2021\/06\/urun-elis-yemek-odasi-takimi-4-800x600.jpg 800w, https:\/\/www.zettdekor.com\/wp-content\/uploads\/2021\/06\/urun-elis-yemek-odasi-takimi-4-300x225.jpg 300w, https:\/\/www.zettdekor.com\/wp-content\/uploads\/2021\/06\/urun-elis-yemek-odasi-takimi-4-768x576.jpg 768w, https:\/\/www.zettdekor.com\/wp-content\/uploads\/2021\/06\/urun-elis-yemek-odasi-takimi-4-1024x768.jpg 1024w, https:\/\/www.zettdekor.com\/wp-content\/uploads\/2021\/06\/urun-elis-yemek-odasi-takimi-4-1200x900.jpg 1200w\" sizes=\"(max-width: 1600px) 100vw, 1600px\" \/>\t\t\t\t\t\t\t\t\r\n\t\t\t\t\t\t\t\t\t\t\t\t\t\t\t\t\t<\/a>\r\n\t\t\t\t\t\t\t\t\t\t\t\t\t\t\t<\/div>\r\n\t\t\t\t\t\t\t\t\t\t\t\t\t<div class=\"basel-gallery-item\">\r\n\t\t\t\t\t\t\t\t\t\t\t\t\t\t\t\t\t<a href=\"https:\/\/www.zettdekor.com\/uz\/wp-content\/uploads\/2021\/06\/urun-elis-yemek-odasi-takimi-2.jpg\/\" data-index=\"2\" data-width=\"1600\" data-height=\"1200\"  >\r\n\t\t\t\t\t\t\t\t\t\t\t\t\t\t\t\r\n\t\t\t\t\t\t\t\t\t\t\t\t\t\t\t\t\t<img width=\"1600\" height=\"1200\" src=\"https:\/\/www.zettdekor.com\/wp-content\/uploads\/2021\/06\/urun-elis-yemek-odasi-takimi-2.jpg\" class=\"basel-gallery-image image-2 attachment-full\" alt=\"\" loading=\"lazy\" srcset=\"https:\/\/www.zettdekor.com\/wp-content\/uploads\/2021\/06\/urun-elis-yemek-odasi-takimi-2.jpg 1600w, https:\/\/www.zettdekor.com\/wp-content\/uploads\/2021\/06\/urun-elis-yemek-odasi-takimi-2-800x600.jpg 800w, https:\/\/www.zettdekor.com\/wp-content\/uploads\/2021\/06\/urun-elis-yemek-odasi-takimi-2-300x225.jpg 300w, https:\/\/www.zettdekor.com\/wp-content\/uploads\/2021\/06\/urun-elis-yemek-odasi-takimi-2-768x576.jpg 768w, https:\/\/www.zettdekor.com\/wp-content\/uploads\/2021\/06\/urun-elis-yemek-odasi-takimi-2-1024x768.jpg 1024w, https:\/\/www.zettdekor.com\/wp-content\/uploads\/2021\/06\/urun-elis-yemek-odasi-takimi-2-1200x900.jpg 1200w\" sizes=\"(max-width: 1600px) 100vw, 1600px\" \/>\t\t\t\t\t\t\t\t\r\n\t\t\t\t\t\t\t\t\t\t\t\t\t\t\t\t\t<\/a>\r\n\t\t\t\t\t\t\t\t\t\t\t\t\t\t\t<\/div>\r\n\t\t\t\t\t\t\t\t\t\t\t\t\t<div class=\"basel-gallery-item\">\r\n\t\t\t\t\t\t\t\t\t\t\t\t\t\t\t\t\t<a href=\"https:\/\/www.zettdekor.com\/uz\/wp-content\/uploads\/2021\/06\/urun-elis-yemek-odasi-takimi-7.jpg\/\" data-index=\"3\" data-width=\"1599\" data-height=\"1200\"  >\r\n\t\t\t\t\t\t\t\t\t\t\t\t\t\t\t\r\n\t\t\t\t\t\t\t\t\t\t\t\t\t\t\t\t\t<img width=\"1599\" height=\"1200\" src=\"https:\/\/www.zettdekor.com\/wp-content\/uploads\/2021\/06\/urun-elis-yemek-odasi-takimi-7.jpg\" class=\"basel-gallery-image image-3 attachment-full\" alt=\"\" loading=\"lazy\" srcset=\"https:\/\/www.zettdekor.com\/wp-content\/uploads\/2021\/06\/urun-elis-yemek-odasi-takimi-7.jpg 1599w, https:\/\/www.zettdekor.com\/wp-content\/uploads\/2021\/06\/urun-elis-yemek-odasi-takimi-7-800x600.jpg 800w, https:\/\/www.zettdekor.com\/wp-content\/uploads\/2021\/06\/urun-elis-yemek-odasi-takimi-7-300x225.jpg 300w, https:\/\/www.zettdekor.com\/wp-content\/uploads\/2021\/06\/urun-elis-yemek-odasi-takimi-7-768x576.jpg 768w, https:\/\/www.zettdekor.com\/wp-content\/uploads\/2021\/06\/urun-elis-yemek-odasi-takimi-7-1024x768.jpg 1024w, https:\/\/www.zettdekor.com\/wp-content\/uploads\/2021\/06\/urun-elis-yemek-odasi-takimi-7-1200x901.jpg 1200w\" sizes=\"(max-width: 1599px) 100vw, 1599px\" \/>\t\t\t\t\t\t\t\t\r\n\t\t\t\t\t\t\t\t\t\t\t\t\t\t\t\t\t<\/a>\r\n\t\t\t\t\t\t\t\t\t\t\t\t\t\t\t<\/div>\r\n\t\t\t\t\t\t\t\t\t\t\t\t\t<div class=\"basel-gallery-item\">\r\n\t\t\t\t\t\t\t\t\t\t\t\t\t\t\t\t\t<a href=\"https:\/\/www.zettdekor.com\/uz\/wp-content\/uploads\/2021\/06\/urun-elis-yemek-odasi-takimi-3.jpg\/\" data-index=\"4\" data-width=\"900\" data-height=\"1200\"  >\r\n\t\t\t\t\t\t\t\t\t\t\t\t\t\t\t\r\n\t\t\t\t\t\t\t\t\t\t\t\t\t\t\t\t\t<img width=\"900\" height=\"1200\" src=\"https:\/\/www.zettdekor.com\/wp-content\/uploads\/2021\/06\/urun-elis-yemek-odasi-takimi-3.jpg\" class=\"basel-gallery-image image-4 attachment-full\" alt=\"\" loading=\"lazy\" srcset=\"https:\/\/www.zettdekor.com\/wp-content\/uploads\/2021\/06\/urun-elis-yemek-odasi-takimi-3.jpg 900w, https:\/\/www.zettdekor.com\/wp-content\/uploads\/2021\/06\/urun-elis-yemek-odasi-takimi-3-225x300.jpg 225w, https:\/\/www.zettdekor.com\/wp-content\/uploads\/2021\/06\/urun-elis-yemek-odasi-takimi-3-768x1024.jpg 768w\" sizes=\"(max-width: 900px) 100vw, 900px\" \/>\t\t\t\t\t\t\t\t\r\n\t\t\t\t\t\t\t\t\t\t\t\t\t\t\t\t\t<\/a>\r\n\t\t\t\t\t\t\t\t\t\t\t\t\t\t\t<\/div>\r\n\t\t\t\t\t\t\t\t\t\t\t\t\t<div class=\"basel-gallery-item\">\r\n\t\t\t\t\t\t\t\t\t\t\t\t\t\t\t\t\t<a href=\"https:\/\/www.zettdekor.com\/uz\/wp-content\/uploads\/2021\/06\/urun-elis-yemek-odasi-takimi-5.jpg\/\" data-index=\"5\" data-width=\"1600\" data-height=\"1200\"  >\r\n\t\t\t\t\t\t\t\t\t\t\t\t\t\t\t\r\n\t\t\t\t\t\t\t\t\t\t\t\t\t\t\t\t\t<img width=\"1600\" height=\"1200\" src=\"https:\/\/www.zettdekor.com\/wp-content\/uploads\/2021\/06\/urun-elis-yemek-odasi-takimi-5.jpg\" class=\"basel-gallery-image image-5 attachment-full\" alt=\"\" loading=\"lazy\" srcset=\"https:\/\/www.zettdekor.com\/wp-content\/uploads\/2021\/06\/urun-elis-yemek-odasi-takimi-5.jpg 1600w, https:\/\/www.zettdekor.com\/wp-content\/uploads\/2021\/06\/urun-elis-yemek-odasi-takimi-5-800x600.jpg 800w, https:\/\/www.zettdekor.com\/wp-content\/uploads\/2021\/06\/urun-elis-yemek-odasi-takimi-5-300x225.jpg 300w, https:\/\/www.zettdekor.com\/wp-content\/uploads\/2021\/06\/urun-elis-yemek-odasi-takimi-5-768x576.jpg 768w, https:\/\/www.zettdekor.com\/wp-content\/uploads\/2021\/06\/urun-elis-yemek-odasi-takimi-5-1024x768.jpg 1024w, https:\/\/www.zettdekor.com\/wp-content\/uploads\/2021\/06\/urun-elis-yemek-odasi-takimi-5-1200x900.jpg 1200w\" sizes=\"(max-width: 1600px) 100vw, 1600px\" \/>\t\t\t\t\t\t\t\t\r\n\t\t\t\t\t\t\t\t\t\t\t\t\t\t\t\t\t<\/a>\r\n\t\t\t\t\t\t\t\t\t\t\t\t\t\t\t<\/div>\r\n\t\t\t\t\t\t\t\t\t\t\t\t\t<div class=\"basel-gallery-item\">\r\n\t\t\t\t\t\t\t\t\t\t\t\t\t\t\t\t\t<a href=\"https:\/\/www.zettdekor.com\/uz\/wp-content\/uploads\/2021\/06\/urun-elis-yemek-odasi-takimi-6.jpg\/\" data-index=\"6\" data-width=\"1600\" data-height=\"1200\"  >\r\n\t\t\t\t\t\t\t\t\t\t\t\t\t\t\t\r\n\t\t\t\t\t\t\t\t\t\t\t\t\t\t\t\t\t<img width=\"1600\" height=\"1200\" src=\"https:\/\/www.zettdekor.com\/wp-content\/uploads\/2021\/06\/urun-elis-yemek-odasi-takimi-6.jpg\" class=\"basel-gallery-image image-6 attachment-full\" alt=\"\" loading=\"lazy\" srcset=\"https:\/\/www.zettdekor.com\/wp-content\/uploads\/2021\/06\/urun-elis-yemek-odasi-takimi-6.jpg 1600w, https:\/\/www.zettdekor.com\/wp-content\/uploads\/2021\/06\/urun-elis-yemek-odasi-takimi-6-800x600.jpg 800w, https:\/\/www.zettdekor.com\/wp-content\/uploads\/2021\/06\/urun-elis-yemek-odasi-takimi-6-300x225.jpg 300w, https:\/\/www.zettdekor.com\/wp-content\/uploads\/2021\/06\/urun-elis-yemek-odasi-takimi-6-768x576.jpg 768w, https:\/\/www.zettdekor.com\/wp-content\/uploads\/2021\/06\/urun-elis-yemek-odasi-takimi-6-1024x768.jpg 1024w, https:\/\/www.zettdekor.com\/wp-content\/uploads\/2021\/06\/urun-elis-yemek-odasi-takimi-6-1200x900.jpg 1200w\" sizes=\"(max-width: 1600px) 100vw, 1600px\" \/>\t\t\t\t\t\t\t\t\r\n\t\t\t\t\t\t\t\t\t\t\t\t\t\t\t\t\t<\/a>\r\n\t\t\t\t\t\t\t\t\t\t\t\t\t\t\t<\/div>\r\n\t\t\t\t\t\t\t\t\t\t\t\t\t<div class=\"basel-gallery-item\">\r\n\t\t\t\t\t\t\t\t\t\t\t\t\t\t\t\t\t<a href=\"https:\/\/www.zettdekor.com\/uz\/wp-content\/uploads\/2021\/06\/urun-elis-yemek-odasi-takimi-8.jpg\/\" data-index=\"7\" data-width=\"1600\" data-height=\"1200\"  >\r\n\t\t\t\t\t\t\t\t\t\t\t\t\t\t\t\r\n\t\t\t\t\t\t\t\t\t\t\t\t\t\t\t\t\t<img width=\"1600\" height=\"1200\" src=\"https:\/\/www.zettdekor.com\/wp-content\/uploads\/2021\/06\/urun-elis-yemek-odasi-takimi-8.jpg\" class=\"basel-gallery-image image-7 attachment-full\" alt=\"\" loading=\"lazy\" srcset=\"https:\/\/www.zettdekor.com\/wp-content\/uploads\/2021\/06\/urun-elis-yemek-odasi-takimi-8.jpg 1600w, https:\/\/www.zettdekor.com\/wp-content\/uploads\/2021\/06\/urun-elis-yemek-odasi-takimi-8-800x600.jpg 800w, https:\/\/www.zettdekor.com\/wp-content\/uploads\/2021\/06\/urun-elis-yemek-odasi-takimi-8-300x225.jpg 300w, https:\/\/www.zettdekor.com\/wp-content\/uploads\/2021\/06\/urun-elis-yemek-odasi-takimi-8-768x576.jpg 768w, https:\/\/www.zettdekor.com\/wp-content\/uploads\/2021\/06\/urun-elis-yemek-odasi-takimi-8-1024x768.jpg 1024w, https:\/\/www.zettdekor.com\/wp-content\/uploads\/2021\/06\/urun-elis-yemek-odasi-takimi-8-1200x900.jpg 1200w\" sizes=\"(max-width: 1600px) 100vw, 1600px\" \/>\t\t\t\t\t\t\t\t\r\n\t\t\t\t\t\t\t\t\t\t\t\t\t\t\t\t\t<\/a>\r\n\t\t\t\t\t\t\t\t\t\t\t\t\t\t\t<\/div>\r\n\t\t\t\t\t\t\t\t\t\t\t\t\t<div class=\"basel-gallery-item\">\r\n\t\t\t\t\t\t\t\t\t\t\t\t\t\t\t\t\t<a href=\"https:\/\/www.zettdekor.com\/uz\/wp-content\/uploads\/2021\/06\/urun-elis-yemek-odasi-takimi-9.jpg\/\" data-index=\"8\" data-width=\"1600\" data-height=\"1200\"  >\r\n\t\t\t\t\t\t\t\t\t\t\t\t\t\t\t\r\n\t\t\t\t\t\t\t\t\t\t\t\t\t\t\t\t\t<img width=\"1600\" height=\"1200\" src=\"https:\/\/www.zettdekor.com\/wp-content\/uploads\/2021\/06\/urun-elis-yemek-odasi-takimi-9.jpg\" class=\"basel-gallery-image image-8 attachment-full\" alt=\"\" loading=\"lazy\" srcset=\"https:\/\/www.zettdekor.com\/wp-content\/uploads\/2021\/06\/urun-elis-yemek-odasi-takimi-9.jpg 1600w, https:\/\/www.zettdekor.com\/wp-content\/uploads\/2021\/06\/urun-elis-yemek-odasi-takimi-9-800x600.jpg 800w, https:\/\/www.zettdekor.com\/wp-content\/uploads\/2021\/06\/urun-elis-yemek-odasi-takimi-9-300x225.jpg 300w, https:\/\/www.zettdekor.com\/wp-content\/uploads\/2021\/06\/urun-elis-yemek-odasi-takimi-9-768x576.jpg 768w, https:\/\/www.zettdekor.com\/wp-content\/uploads\/2021\/06\/urun-elis-yemek-odasi-takimi-9-1024x768.jpg 1024w, https:\/\/www.zettdekor.com\/wp-content\/uploads\/2021\/06\/urun-elis-yemek-odasi-takimi-9-1200x900.jpg 1200w\" sizes=\"(max-width: 1600px) 100vw, 1600px\" \/>\t\t\t\t\t\t\t\t\r\n\t\t\t\t\t\t\t\t\t\t\t\t\t\t\t\t\t<\/a>\r\n\t\t\t\t\t\t\t\t\t\t\t\t\t\t\t<\/div>\r\n\t\t\t\t\t\t\t\t\t\t\t\t\t\t\t<\/div>\r\n\t\t\t<\/div>\r\n\t\t\t\t\t[\/vc_column][\/vc_row]<\/p>","protected":false},"excerpt":{"rendered":"<p>[vc_row][vc_column][vc_column_text el_class=&#8221;urun_modul_baslik&#8221;] \u00dcr\u00fcn Mod\u00fclleri [\/vc_column_text][vc_raw_html]JTNDZGl2JTIwY2xhc3MlM0QlMjJjdXN0b21fd29vc2IlMjIlM0UlM0MlMkZkaXYlM0U=[\/vc_raw_html][\/vc_column][\/vc_row][vc_row][vc_column][\/vc_column][\/vc_row]<\/p>","protected":false},"featured_media":9378,"template":"","meta":[],"_links":{"self":[{"href":"http:\/\/www.zettdekor.com\/uz\/wp-json\/wp\/v2\/product\/9368"}],"collection":[{"href":"http:\/\/www.zettdekor.com\/uz\/wp-json\/wp\/v2\/product"}],"about":[{"href":"http:\/\/www.zettdekor.com\/uz\/wp-json\/wp\/v2\/types\/product"}],"wp:featuredmedia":[{"embeddable":true,"href":"http:\/\/www.zettdekor.com\/uz\/wp-json\/wp\/v2\/media\/9378"}],"wp:attachment":[{"href":"http:\/\/www.zettdekor.com\/uz\/wp-json\/wp\/v2\/media?parent=9368"}],"curies":[{"name":"wp","href":"https:\/\/api.w.org\/{rel}","templated":true}]}}